{"id":1297,"date":"2023-01-03T20:27:13","date_gmt":"2023-01-03T20:27:13","guid":{"rendered":"https:\/\/beer-baths.com\/%e9%a6%96%e9%a1%b5\/"},"modified":"2024-09-18T20:17:57","modified_gmt":"2024-09-18T20:17:57","slug":"%e9%a6%96%e9%a1%b5","status":"publish","type":"page","link":"https:\/\/beer-baths.com\/zh\/%e9%a6%96%e9%a1%b5\/","title":{"rendered":"\u9996\u9875"},"content":{"rendered":"<p><div class=\"fusion-fullwidth fullwidth-box fusion-builder-row-1 fusion-flex-container has-pattern-background has-mask-background fusion-parallax-none nonhundred-percent-fullwidth non-hundred-percent-height-scrolling\" style=\"--awb-background-position:center bottom;--awb-background-blend-mode:darken;--awb-border-radius-top-left:0px;--awb-border-radius-top-right:0px;--awb-border-radius-bottom-right:0px;--awb-border-radius-bottom-left:0px;--awb-background-image:url(&quot;https:\/\/beer-baths.com\/wp-content\/uploads\/2023\/05\/home.jpeg&quot;);--awb-background-size:cover;--awb-flex-wrap:wrap;\" ><div class=\"fusion-builder-row fusion-row fusion-flex-align-items-flex-start fusion-flex-content-wrap\" style=\"max-width:1248px;margin-left: calc(-4% \/ 2 );margin-right: calc(-4% \/ 2 );\"><div class=\"fusion-layout-column fusion_builder_column fusion-builder-column-0 fusion_builder_column_1_1 1_1 fusion-flex-column\" style=\"--awb-bg-size:cover;--awb-width-large:100%;--awb-margin-top-large:25%;--awb-spacing-right-large:1.92%;--awb-margin-bottom-large:0px;--awb-spacing-left-large:1.92%;--awb-width-medium:100%;--awb-order-medium:0;--awb-spacing-right-medium:1.92%;--awb-spacing-left-medium:1.92%;--awb-width-small:100%;--awb-order-small:0;--awb-spacing-right-small:1.92%;--awb-spacing-left-small:1.92%;\"><div class=\"fusion-column-wrapper fusion-column-has-shadow fusion-flex-justify-content-flex-start fusion-content-layout-column\"><div class=\"fusion-title title fusion-title-1 fusion-sep-none fusion-title-center fusion-title-text fusion-title-size-one\" style=\"--awb-text-color:var(--awb-color1);\"><h1 class=\"fusion-title-heading title-heading-center fusion-responsive-typography-calculated\" style=\"margin:0;--fontSize:72;line-height:var(--awb-typography1-line-height);\"><p>\u5e03\u62c9\u683c<br \/>\n\u6700\u5927\u7684\u5564\u9152\u548c\u8461\u8404\u9152\u6c34\u7597\u4e2d\u5fc3<\/p><\/h1><\/div><div class=\"fusion-separator fusion-full-width-sep\" style=\"align-self: center;margin-left: auto;margin-right: auto;width:100%;\"><\/div><\/div><\/div><div class=\"fusion-layout-column fusion_builder_column fusion-builder-column-1 fusion_builder_column_1_1 1_1 fusion-flex-column fusion-no-large-visibility\" style=\"--awb-bg-size:cover;--awb-width-large:100%;--awb-margin-top-large:8%;--awb-spacing-right-large:1.92%;--awb-margin-bottom-large:0%;--awb-spacing-left-large:1.92%;--awb-width-medium:100%;--awb-order-medium:0;--awb-spacing-right-medium:1.92%;--awb-spacing-left-medium:1.92%;--awb-width-small:100%;--awb-order-small:0;--awb-spacing-right-small:1.92%;--awb-spacing-left-small:1.92%;\"><div class=\"fusion-column-wrapper fusion-column-has-shadow fusion-flex-justify-content-flex-start fusion-content-layout-column\"><div style=\"text-align:center;\"><a class=\"fusion-button button-flat button-xlarge button-default fusion-button-default button-1 fusion-button-default-span fusion-button-default-type fusion-no-large-visibility\" target=\"_self\" href=\"https:\/\/beer-baths.com\/zh\/%e9%a2%84%e8%ae%a2\/\"><span class=\"fusion-button-text awb-button__text awb-button__text--default\">\u9884\u8ba2<\/span><\/a><\/div><\/div><\/div><div class=\"fusion-layout-column fusion_builder_column fusion-builder-column-2 fusion_builder_column_1_1 1_1 fusion-flex-column\" style=\"--awb-bg-size:cover;--awb-width-large:100%;--awb-margin-top-large:14%;--awb-spacing-right-large:1.92%;--awb-margin-bottom-large:0px;--awb-spacing-left-large:1.92%;--awb-width-medium:100%;--awb-order-medium:0;--awb-spacing-right-medium:1.92%;--awb-spacing-left-medium:1.92%;--awb-width-small:100%;--awb-order-small:0;--awb-spacing-right-small:1.92%;--awb-spacing-left-small:1.92%;\"><div class=\"fusion-column-wrapper fusion-column-has-shadow fusion-flex-justify-content-flex-end fusion-content-layout-column\"><div class=\"fusion-image-element \" style=\"text-align:center;--awb-liftup-border-radius:0px;--awb-caption-title-color:var(--awb-color1);--awb-caption-title-font-family:var(--body_typography-font-family);--awb-caption-title-font-weight:var(--body_typography-font-weight);--awb-caption-title-font-style:var(--body_typography-font-style);--awb-caption-title-size:var(--body_typography-font-size);--awb-caption-title-transform:var(--body_typography-text-transform);--awb-caption-title-line-height:var(--body_typography-line-height);--awb-caption-title-letter-spacing:var(--body_typography-letter-spacing);\"><div class=\"awb-image-frame awb-image-frame-1 imageframe-liftup\"><span class=\" fusion-imageframe imageframe-none imageframe-1\"><a class=\"fusion-no-lightbox\" href=\"https:\/\/www.tripadvisor.com\/Attraction_Review-g274707-d25435048-Reviews-Beer_Wine_SPA_LaznE_Pramen_Letna-Prague_Bohemia.html\" target=\"_blank\" aria-label=\"tripadvisor_white\" rel=\"noopener noreferrer\"><img decoding=\"async\" width=\"60\" height=\"52\" src=\"https:\/\/beer-baths.com\/wp-content\/uploads\/2023\/01\/tripadvisor_white.png\" alt class=\"img-responsive wp-image-435\"\/><\/a><\/span><\/div><\/div><div class=\"fusion-section-separator section-separator clouds fusion-section-separator-1\" style=\"--awb-spacer-height:99px;--awb-svg-margin-left:1.92%;--awb-svg-margin-right:1.92%;--awb-svg-margin-left-medium:1.92%;--awb-svg-margin-right-medium:1.92%;--awb-svg-margin-left-small:1.92%;--awb-svg-margin-right-small:1.92%;--awb-divider-height:99px;--awb-spacer-padding-top:inherit;--awb-sep-padding:0;--awb-svg-padding:0;--awb-margin-top:0px;\"><div class=\"fusion-section-separator-svg\"><svg class=\"fusion-clouds-candy\" xmlns=\"http:\/\/www.w3.org\/2000\/svg\" version=\"1.1\" width=\"100%\" height=\"100\" viewBox=\"0 0 100 100\" preserveAspectRatio=\"none\" fill=\"rgba(255,255,255,1)\"><path d=\"M-5 100 Q 0 20 5 100 Z\"><\/path>\n\t\t\t\t\t\t\t\t<path d=\"M0 100 Q 5 0 10 100\"><\/path>\n\t\t\t\t\t\t\t\t<path d=\"M5 100 Q 10 30 15 100\"><\/path>\n\t\t\t\t\t\t\t\t<path d=\"M10 100 Q 15 10 20 100\"><\/path>\n\t\t\t\t\t\t\t\t<path d=\"M15 100 Q 20 30 25 100\"><\/path>\n\t\t\t\t\t\t\t\t<path d=\"M20 100 Q 25 -10 30 100\"><\/path>\n\t\t\t\t\t\t\t\t<path d=\"M25 100 Q 30 10 35 100\"><\/path>\n\t\t\t\t\t\t\t\t<path d=\"M30 100 Q 35 30 40 100\"><\/path>\n\t\t\t\t\t\t\t\t<path d=\"M35 100 Q 40 10 45 100\"><\/path>\n\t\t\t\t\t\t\t\t<path d=\"M40 100 Q 45 50 50 100\"><\/path>\n\t\t\t\t\t\t\t\t<path d=\"M45 100 Q 50 20 55 100\"><\/path>\n\t\t\t\t\t\t\t\t<path d=\"M50 100 Q 55 40 60 100\"><\/path>\n\t\t\t\t\t\t\t\t<path d=\"M55 100 Q 60 60 65 100\"><\/path>\n\t\t\t\t\t\t\t\t<path d=\"M60 100 Q 65 50 70 100\"><\/path>\n\t\t\t\t\t\t\t\t<path d=\"M65 100 Q 70 20 75 100\"><\/path>\n\t\t\t\t\t\t\t\t<path d=\"M70 100 Q 75 45 80 100\"><\/path>\n\t\t\t\t\t\t\t\t<path d=\"M75 100 Q 80 30 85 100\"><\/path>\n\t\t\t\t\t\t\t\t<path d=\"M80 100 Q 85 20 90 100\"><\/path>\n\t\t\t\t\t\t\t\t<path d=\"M85 100 Q 90 50 95 100\"><\/path>\n\t\t\t\t\t\t\t\t<path d=\"M90 100 Q 95 25 100 100\"><\/path>\n\t\t\t\t\t\t\t\t<path d=\"M95 100 Q 100 15 105 100 Z\"><\/path><\/svg><\/div><div class=\"fusion-section-separator-spacer\"><div class=\"fusion-section-separator-spacer-height\"><\/div><\/div><\/div><\/div><\/div>\n<\/div><\/div><div class=\"fusion-fullwidth fullwidth-box fusion-builder-row-2 fusion-flex-container has-pattern-background has-mask-background nonhundred-percent-fullwidth non-hundred-percent-height-scrolling\" style=\"--awb-border-radius-top-left:0px;--awb-border-radius-top-right:0px;--awb-border-radius-bottom-right:0px;--awb-border-radius-bottom-left:0px;--awb-flex-wrap:wrap;\" ><div class=\"fusion-builder-row fusion-row fusion-flex-align-items-center fusion-flex-justify-content-center fusion-flex-content-wrap\" style=\"max-width:1248px;margin-left: calc(-4% \/ 2 );margin-right: calc(-4% \/ 2 );\"><div class=\"fusion-layout-column fusion_builder_column fusion-builder-column-3 fusion_builder_column_1_1 1_1 fusion-flex-column\" style=\"--awb-bg-size:cover;--awb-width-large:100%;--awb-margin-top-large:0px;--awb-spacing-right-large:1.92%;--awb-margin-bottom-large:20px;--awb-spacing-left-large:1.92%;--awb-width-medium:100%;--awb-order-medium:0;--awb-spacing-right-medium:1.92%;--awb-spacing-left-medium:1.92%;--awb-width-small:100%;--awb-order-small:0;--awb-spacing-right-small:1.92%;--awb-spacing-left-small:1.92%;\"><div class=\"fusion-column-wrapper fusion-column-has-shadow fusion-flex-justify-content-flex-start fusion-content-layout-column\"><div class=\"fusion-separator fusion-full-width-sep\" style=\"align-self: center;margin-left: auto;margin-right: auto;margin-bottom:4%;width:100%;\"><\/div><div class=\"fusion-title title fusion-title-2 fusion-sep-none fusion-title-center fusion-title-text fusion-title-size-five\" style=\"--awb-margin-bottom:4%;\"><h5 class=\"fusion-title-heading title-heading-center fusion-responsive-typography-calculated\" style=\"margin:0;--fontSize:22;line-height:var(--awb-typography1-line-height);\">\u751f\u6d3b \u2022 \u5065\u5eb7 \u2022 \u6062\u590d\u6d3b\u529b \u2022 \u6ee1\u8db3 \u2022 \u653e\u677e<\/h5><\/div><div class=\"fusion-image-element \" style=\"text-align:center;--awb-caption-title-font-family:var(--h2_typography-font-family);--awb-caption-title-font-weight:var(--h2_typography-font-weight);--awb-caption-title-font-style:var(--h2_typography-font-style);--awb-caption-title-size:var(--h2_typography-font-size);--awb-caption-title-transform:var(--h2_typography-text-transform);--awb-caption-title-line-height:var(--h2_typography-line-height);--awb-caption-title-letter-spacing:var(--h2_typography-letter-spacing);\"><span class=\" fusion-imageframe imageframe-none imageframe-2 hover-type-none\"><img decoding=\"async\" width=\"721\" height=\"50\" alt=\"beer-baths-letna\" title=\"Letna_Burgundy_Home\" src=\"https:\/\/beer-baths.com\/wp-content\/uploads\/2024\/09\/Letna_Burgundy_Home.png\" class=\"img-responsive wp-image-3066\" srcset=\"https:\/\/beer-baths.com\/wp-content\/uploads\/2024\/09\/Letna_Burgundy_Home-200x14.png 200w, https:\/\/beer-baths.com\/wp-content\/uploads\/2024\/09\/Letna_Burgundy_Home-400x28.png 400w, https:\/\/beer-baths.com\/wp-content\/uploads\/2024\/09\/Letna_Burgundy_Home-600x42.png 600w, https:\/\/beer-baths.com\/wp-content\/uploads\/2024\/09\/Letna_Burgundy_Home.png 721w\" sizes=\"(max-width: 640px) 100vw, 721px\" \/><\/span><\/div><div class=\"fusion-separator fusion-full-width-sep\" style=\"align-self: center;margin-left: auto;margin-right: auto;margin-bottom:8%;width:100%;\"><\/div><\/div><\/div><\/div><\/div><div class=\"fusion-fullwidth fullwidth-box fusion-builder-row-3 fusion-flex-container has-pattern-background has-mask-background nonhundred-percent-fullwidth non-hundred-percent-height-scrolling\" style=\"--awb-border-radius-top-left:0px;--awb-border-radius-top-right:0px;--awb-border-radius-bottom-right:0px;--awb-border-radius-bottom-left:0px;--awb-margin-top:0px;--awb-flex-wrap:wrap;\" ><div class=\"fusion-builder-row fusion-row fusion-flex-align-items-flex-start fusion-flex-content-wrap\" style=\"max-width:1248px;margin-left: calc(-4% \/ 2 );margin-right: calc(-4% \/ 2 );\"><div class=\"fusion-layout-column fusion_builder_column fusion-builder-column-4 fusion_builder_column_1_2 1_2 fusion-flex-column\" style=\"--awb-bg-size:cover;--awb-width-large:50%;--awb-margin-top-large:0px;--awb-spacing-right-large:3.84%;--awb-margin-bottom-large:20px;--awb-spacing-left-large:3.84%;--awb-width-medium:50%;--awb-order-medium:0;--awb-spacing-right-medium:3.84%;--awb-spacing-left-medium:3.84%;--awb-width-small:100%;--awb-order-small:0;--awb-spacing-right-small:1.92%;--awb-spacing-left-small:1.92%;\"><div class=\"fusion-column-wrapper fusion-column-has-shadow fusion-flex-justify-content-flex-start fusion-content-layout-column\"><div class=\"fusion-text fusion-text-1\" style=\"--awb-text-color:var(--awb-color7);\"><p>L\u00e1zn\u011b Pramen Letn\u00e1\u662f\u6377\u514b\u6700\u5927\u7684\u4e00\u5bb6\u65b0\u7684SPA\u6c34\u7597\u4e2d\u5fc3\uff0c\u62e5\u6709\u72ec\u7279\u7684\u7406\u5ff5\u548c\u4f18\u8d8a\u7684\u5730\u7406\u4f4d\u7f6e\u2014\u2014\u4e0e\u5e03\u62c9\u683c\u57ce\u5821\u7684\u6b65\u884c\u8ddd\u79bb\u4e3a15\u5206\u949f\uff01<\/p>\n<p>\u5728\u8fd9\u91cc\uff0c\u6211\u4eec\u5c06\u6377\u514b\u7684\u53e4\u8001\u4f20\u7edf\u4e0e\u72ec\u7279\u7684\u5564\u9152SPA\u62a4\u7406\u3001\u62e5\u6709\u72ec\u7279\u914d\u65b9\u7684\u8c6a\u534e\u8461\u8404\u9152\u6d74\u4ee5\u53ca\u5065\u5eb7\u6d74\u7ed3\u5408\u5728\u4e00\u8d77\uff01<\/p>\n<p>\u5728\u6211\u4eec\u7684\u6c34\u7597\u4e2d\u5fc3\uff0c\u60a8\u53ef\u4ee5\u8ddf\u4e00\u7fa4\u670b\u53cb\u548c\u540c\u4e8b\u4e00\u8d77\u4eab\u53d7\u65f6\u5149\uff0c\u5728\u5564\u9152\u6d74\u6216\u8461\u8404\u9152\u6d74\u4e2d\u8ba9\u5168\u8eab\u5fc3\u5f7b\u5e95\u653e\u677e\uff0c\u6216\u662f\u627e\u5230\u81ea\u5df1\u7684\u4e13\u5c5e\u5065\u5eb7\u8ba1\u5212\uff0c\u589e\u5f3a\u4f53\u8d28\u548c\u514d\u75ab\u529b\u3002<\/p>\n<p>\u6839\u636e\u60a8\u8ba2\u8d2d\u7684\u6d41\u7a0b\uff0c\u6211\u4eec\u5c06\u4e3a\u60a8\u63d0\u4f9b\u6700\u65b0\u9c9c\u7684\u6377\u514b\u5564\u9152\uff0c\u5b83\u4eec\u7531\u6211\u4eec\u7684\u5408\u4f5c\u4f19\u4f34\u6377\u514b\u7684\u5564\u9152\u516c\u53f8\u4f9b\u5e94\u3002\u8461\u8404\u9152\u6d74\u914d\u6709\u666e\u7f57\u585e\u514b\uff0c\u5065\u5eb7\u6d74\u914d\u6709\u7cbe\u9009\u7684\u8349\u836f\u8336\u3002<\/p>\n<p>\u60a8\u53ef\u4ee5\u5728\u6c90\u6d74\u65f6\u54c1\u5c1d\uff0c\u7136\u540e\u5728\u6211\u4eec\u7684\u5ca9\u6d1e\u91cc\u5c0f\u61a9\uff0c\u6211\u4eec\u6709\u5e03\u62c9\u683c\u6700\u5927\u7684\u76d0\u6d1e\u3002<\/p>\n<p>\u5728L\u00e1zn\u011b Pramen Letn\u00e1 SPA\u6c34\u7597\u4e2d\u5fc3\uff0c\u6211\u4eec\u4e3a\u60a8\u5907\u597d\u4e86\u62d6\u978b\u3001\u6bdb\u5dfe\u548c\u5e8a\u5355\u3002<\/p>\n<p>\u5728\u91cd\u5efa\u7684\u8fc7\u7a0b\u4e2d\uff0c\u6211\u4eec\u4fdd\u7559\u4e86\u8fd9\u680b100\u591a\u5c81\u7684\u5efa\u7b51\u7684\u5386\u53f2\u98ce\u8c8c\u3002<\/p>\n<p>\u6211\u4eec\u4e3a\u4e00\u540d\u8bbf\u5ba2\u4ee5\u53ca\u591a\u8fbe20\u4eba\u7684\u56e2\u961f\u63d0\u4f9b\u8212\u9002\u7684\u73af\u5883\u3002<\/p>\n<p>\u4e0d\u7ba1\u662f\u5355\u8eab\u6d3e\u5bf9\u3001\u4f01\u4e1a\u6d3e\u5bf9\u3001\u65c5\u6e38\u56e2\u6216\u8005\u53ea\u662f\u4e00\u5927\u5bb6\u5b50\u2014\u2014\u6211\u4eec\u5bbd\u655e\u7684L\u00e1zn\u011b Pramen Letn\u00e1 SPA\u6c34\u7597\u4e2d\u5fc3\u662f\u60a8\u4e0d\u53ef\u9519\u8fc7\u7684\u9009\u62e9\uff01<\/p>\n<\/div><\/div><\/div><div class=\"fusion-layout-column fusion_builder_column fusion-builder-column-5 fusion_builder_column_1_2 1_2 fusion-flex-column\" style=\"--awb-bg-size:cover;--awb-width-large:50%;--awb-margin-top-large:0px;--awb-spacing-right-large:3.84%;--awb-margin-bottom-large:20px;--awb-spacing-left-large:3.84%;--awb-width-medium:50%;--awb-order-medium:0;--awb-spacing-right-medium:3.84%;--awb-spacing-left-medium:3.84%;--awb-width-small:100%;--awb-order-small:0;--awb-spacing-right-small:1.92%;--awb-spacing-left-small:1.92%;\"><div class=\"fusion-column-wrapper fusion-column-has-shadow fusion-flex-justify-content-flex-start fusion-content-layout-column\"><div class=\"fusion-video fusion-youtube\" style=\"--awb-max-width:600px;--awb-max-height:360px;\"><div class=\"video-shortcode\"><div class=\"fluid-width-video-wrapper\" style=\"padding-top:60%;\" ><iframe class=\"fusion-hidden\" data-privacy-type=\"youtube\" src=\"\" title=\"YouTube video player 1\" data-privacy-src=\"https:\/\/www.youtube.com\/embed\/-iXcPdCMh98?wmode=transparent&autoplay=0\" width=\"600\" height=\"360\" allowfullscreen allow=\"autoplay; clipboard-write; encrypted-media; gyroscope; picture-in-picture;\"><\/iframe><div class=\"fusion-privacy-placeholder\" style=\"width:600px; height:360px;\" data-privacy-type=\"youtube\"><div class=\"fusion-privacy-placeholder-content\"><div class=\"fusion-privacy-label\">For privacy reasons YouTube needs your permission to be loaded. For more details, please see our <a class=\"privacy-policy-link\" href=\"https:\/\/beer-baths.com\/en\/privacy-policy\/\" rel=\"privacy-policy\">Privacy Policy<\/a>.<\/div><button data-privacy-type=\"youtube\" class=\"fusion-button button-default fusion-button-default-size button fusion-privacy-consent\">I Accept<\/button><\/div><\/div><\/div><\/div><\/div><\/div><\/div><\/div><\/div><\/p>\n","protected":false},"excerpt":{"rendered":"","protected":false},"author":1,"featured_media":0,"parent":0,"menu_order":0,"comment_status":"closed","ping_status":"closed","template":"100-width.php","meta":{"footnotes":""},"class_list":["post-1297","page","type-page","status-publish","hentry"],"yoast_head":"<!-- This site is optimized with the Yoast SEO plugin v27.1.1 - https:\/\/yoast.com\/product\/yoast-seo-wordpress\/ -->\n<title>\u9996\u9875 - Beer Baths Letna<\/title>\n<meta name=\"robots\" content=\"index, follow, max-snippet:-1, max-image-preview:large, max-video-preview:-1\" \/>\n<link rel=\"canonical\" href=\"https:\/\/beer-baths.com\/zh\/%e9%a6%96%e9%a1%b5\/\" \/>\n<meta property=\"og:locale\" content=\"zh_CN\" \/>\n<meta property=\"og:type\" content=\"article\" \/>\n<meta property=\"og:title\" content=\"\u9996\u9875 - Beer Baths Letna\" \/>\n<meta property=\"og:url\" content=\"https:\/\/beer-baths.com\/zh\/%e9%a6%96%e9%a1%b5\/\" \/>\n<meta property=\"og:site_name\" content=\"Beer Baths Letna\" \/>\n<meta property=\"article:publisher\" content=\"https:\/\/www.facebook.com\/laznepramen\" \/>\n<meta property=\"article:modified_time\" content=\"2024-09-18T20:17:57+00:00\" \/>\n<meta name=\"twitter:card\" content=\"summary_large_image\" \/>\n<meta name=\"twitter:label1\" content=\"\u9884\u8ba1\u9605\u8bfb\u65f6\u95f4\" \/>\n\t<meta name=\"twitter:data1\" content=\"1 \u5206\" \/>\n<script type=\"application\/ld+json\" class=\"yoast-schema-graph\">{\"@context\":\"https:\/\/schema.org\",\"@graph\":[{\"@type\":\"WebPage\",\"@id\":\"https:\/\/beer-baths.com\/zh\/%e9%a6%96%e9%a1%b5\/\",\"url\":\"https:\/\/beer-baths.com\/zh\/%e9%a6%96%e9%a1%b5\/\",\"name\":\"\u9996\u9875 - Beer Baths Letna\",\"isPartOf\":{\"@id\":\"https:\/\/beer-baths.com\/zh\/#website\"},\"datePublished\":\"2023-01-03T20:27:13+00:00\",\"dateModified\":\"2024-09-18T20:17:57+00:00\",\"breadcrumb\":{\"@id\":\"https:\/\/beer-baths.com\/zh\/%e9%a6%96%e9%a1%b5\/#breadcrumb\"},\"inLanguage\":\"zh-Hans\",\"potentialAction\":[{\"@type\":\"ReadAction\",\"target\":[\"https:\/\/beer-baths.com\/zh\/%e9%a6%96%e9%a1%b5\/\"]}]},{\"@type\":\"BreadcrumbList\",\"@id\":\"https:\/\/beer-baths.com\/zh\/%e9%a6%96%e9%a1%b5\/#breadcrumb\",\"itemListElement\":[{\"@type\":\"ListItem\",\"position\":1,\"name\":\"Home\",\"item\":\"https:\/\/beer-baths.com\/zh\/home2\/\"},{\"@type\":\"ListItem\",\"position\":2,\"name\":\"\u9996\u9875\"}]},{\"@type\":\"WebSite\",\"@id\":\"https:\/\/beer-baths.com\/zh\/#website\",\"url\":\"https:\/\/beer-baths.com\/zh\/\",\"name\":\"Beer Baths Letna\",\"description\":\"Beer and Wine SPA in Prague\",\"publisher\":{\"@id\":\"https:\/\/beer-baths.com\/zh\/#organization\"},\"potentialAction\":[{\"@type\":\"SearchAction\",\"target\":{\"@type\":\"EntryPoint\",\"urlTemplate\":\"https:\/\/beer-baths.com\/zh\/?s={search_term_string}\"},\"query-input\":{\"@type\":\"PropertyValueSpecification\",\"valueRequired\":true,\"valueName\":\"search_term_string\"}}],\"inLanguage\":\"zh-Hans\"},{\"@type\":\"Organization\",\"@id\":\"https:\/\/beer-baths.com\/zh\/#organization\",\"name\":\"Business Dragons s.r.o.\",\"url\":\"https:\/\/beer-baths.com\/zh\/\",\"logo\":{\"@type\":\"ImageObject\",\"inLanguage\":\"zh-Hans\",\"@id\":\"https:\/\/beer-baths.com\/zh\/#\/schema\/logo\/image\/\",\"url\":\"\",\"contentUrl\":\"\",\"caption\":\"Business Dragons s.r.o.\"},\"image\":{\"@id\":\"https:\/\/beer-baths.com\/zh\/#\/schema\/logo\/image\/\"},\"sameAs\":[\"https:\/\/www.facebook.com\/laznepramen\",\"https:\/\/www.instagram.com\/laznepramen_letna\/\",\"https:\/\/www.tripadvisor.com\/Attraction_Review-g274707-d7377900-Reviews-Lazne_Pramen_Beer_and_Wine_spa-Prague_Bohemia.html\"]}]}<\/script>\n<!-- \/ Yoast SEO plugin. -->","yoast_head_json":{"title":"\u9996\u9875 - Beer Baths Letna","robots":{"index":"index","follow":"follow","max-snippet":"max-snippet:-1","max-image-preview":"max-image-preview:large","max-video-preview":"max-video-preview:-1"},"canonical":"https:\/\/beer-baths.com\/zh\/%e9%a6%96%e9%a1%b5\/","og_locale":"zh_CN","og_type":"article","og_title":"\u9996\u9875 - Beer Baths Letna","og_url":"https:\/\/beer-baths.com\/zh\/%e9%a6%96%e9%a1%b5\/","og_site_name":"Beer Baths Letna","article_publisher":"https:\/\/www.facebook.com\/laznepramen","article_modified_time":"2024-09-18T20:17:57+00:00","twitter_card":"summary_large_image","twitter_misc":{"\u9884\u8ba1\u9605\u8bfb\u65f6\u95f4":"1 \u5206"},"schema":{"@context":"https:\/\/schema.org","@graph":[{"@type":"WebPage","@id":"https:\/\/beer-baths.com\/zh\/%e9%a6%96%e9%a1%b5\/","url":"https:\/\/beer-baths.com\/zh\/%e9%a6%96%e9%a1%b5\/","name":"\u9996\u9875 - Beer Baths Letna","isPartOf":{"@id":"https:\/\/beer-baths.com\/zh\/#website"},"datePublished":"2023-01-03T20:27:13+00:00","dateModified":"2024-09-18T20:17:57+00:00","breadcrumb":{"@id":"https:\/\/beer-baths.com\/zh\/%e9%a6%96%e9%a1%b5\/#breadcrumb"},"inLanguage":"zh-Hans","potentialAction":[{"@type":"ReadAction","target":["https:\/\/beer-baths.com\/zh\/%e9%a6%96%e9%a1%b5\/"]}]},{"@type":"BreadcrumbList","@id":"https:\/\/beer-baths.com\/zh\/%e9%a6%96%e9%a1%b5\/#breadcrumb","itemListElement":[{"@type":"ListItem","position":1,"name":"Home","item":"https:\/\/beer-baths.com\/zh\/home2\/"},{"@type":"ListItem","position":2,"name":"\u9996\u9875"}]},{"@type":"WebSite","@id":"https:\/\/beer-baths.com\/zh\/#website","url":"https:\/\/beer-baths.com\/zh\/","name":"Beer Baths Letna","description":"Beer and Wine SPA in Prague","publisher":{"@id":"https:\/\/beer-baths.com\/zh\/#organization"},"potentialAction":[{"@type":"SearchAction","target":{"@type":"EntryPoint","urlTemplate":"https:\/\/beer-baths.com\/zh\/?s={search_term_string}"},"query-input":{"@type":"PropertyValueSpecification","valueRequired":true,"valueName":"search_term_string"}}],"inLanguage":"zh-Hans"},{"@type":"Organization","@id":"https:\/\/beer-baths.com\/zh\/#organization","name":"Business Dragons s.r.o.","url":"https:\/\/beer-baths.com\/zh\/","logo":{"@type":"ImageObject","inLanguage":"zh-Hans","@id":"https:\/\/beer-baths.com\/zh\/#\/schema\/logo\/image\/","url":"","contentUrl":"","caption":"Business Dragons s.r.o."},"image":{"@id":"https:\/\/beer-baths.com\/zh\/#\/schema\/logo\/image\/"},"sameAs":["https:\/\/www.facebook.com\/laznepramen","https:\/\/www.instagram.com\/laznepramen_letna\/","https:\/\/www.tripadvisor.com\/Attraction_Review-g274707-d7377900-Reviews-Lazne_Pramen_Beer_and_Wine_spa-Prague_Bohemia.html"]}]}},"_links":{"self":[{"href":"https:\/\/beer-baths.com\/zh\/wp-json\/wp\/v2\/pages\/1297","targetHints":{"allow":["GET"]}}],"collection":[{"href":"https:\/\/beer-baths.com\/zh\/wp-json\/wp\/v2\/pages"}],"about":[{"href":"https:\/\/beer-baths.com\/zh\/wp-json\/wp\/v2\/types\/page"}],"author":[{"embeddable":true,"href":"https:\/\/beer-baths.com\/zh\/wp-json\/wp\/v2\/users\/1"}],"replies":[{"embeddable":true,"href":"https:\/\/beer-baths.com\/zh\/wp-json\/wp\/v2\/comments?post=1297"}],"version-history":[{"count":66,"href":"https:\/\/beer-baths.com\/zh\/wp-json\/wp\/v2\/pages\/1297\/revisions"}],"predecessor-version":[{"id":3080,"href":"https:\/\/beer-baths.com\/zh\/wp-json\/wp\/v2\/pages\/1297\/revisions\/3080"}],"wp:attachment":[{"href":"https:\/\/beer-baths.com\/zh\/wp-json\/wp\/v2\/media?parent=1297"}],"curies":[{"name":"wp","href":"https:\/\/api.w.org\/{rel}","templated":true}]}}