{"id":495,"date":"2023-01-04T21:10:04","date_gmt":"2023-01-04T20:10:04","guid":{"rendered":"https:\/\/beer-baths.com\/price\/"},"modified":"2025-12-14T11:33:49","modified_gmt":"2025-12-14T10:33:49","slug":"price","status":"publish","type":"page","link":"https:\/\/beer-baths.com\/de\/price\/","title":{"rendered":"Preis"},"content":{"rendered":"<p><div class=\"fusion-fullwidth fullwidth-box fusion-builder-row-1 fusion-flex-container has-pattern-background has-mask-background fusion-parallax-none nonhundred-percent-fullwidth non-hundred-percent-height-scrolling\" style=\"--awb-border-radius-top-left:0px;--awb-border-radius-top-right:0px;--awb-border-radius-bottom-right:0px;--awb-border-radius-bottom-left:0px;--awb-margin-bottom:4%;--awb-background-image:url(&quot;https:\/\/beer-baths.com\/wp-content\/uploads\/2022\/12\/home_base.jpg&quot;);--awb-background-size:cover;--awb-flex-wrap:wrap;\" ><div class=\"fusion-builder-row fusion-row fusion-flex-align-items-flex-start fusion-flex-content-wrap\" style=\"max-width:1248px;margin-left: calc(-4% \/ 2 );margin-right: calc(-4% \/ 2 );\"><div class=\"fusion-layout-column fusion_builder_column fusion-builder-column-0 fusion_builder_column_1_1 1_1 fusion-flex-column\" style=\"--awb-bg-size:cover;--awb-width-large:100%;--awb-margin-top-large:25%;--awb-spacing-right-large:1.92%;--awb-margin-bottom-large:0%;--awb-spacing-left-large:1.92%;--awb-width-medium:100%;--awb-order-medium:0;--awb-spacing-right-medium:1.92%;--awb-spacing-left-medium:1.92%;--awb-width-small:100%;--awb-order-small:0;--awb-spacing-right-small:1.92%;--awb-spacing-left-small:1.92%;\"><div class=\"fusion-column-wrapper fusion-column-has-shadow fusion-flex-justify-content-flex-start fusion-content-layout-column\"><div class=\"fusion-title title fusion-title-1 fusion-sep-none fusion-title-center fusion-title-text fusion-title-size-one\" style=\"--awb-text-color:var(--awb-color1);\"><h1 class=\"fusion-title-heading title-heading-center fusion-responsive-typography-calculated\" style=\"margin:0;--fontSize:72;line-height:var(--awb-typography1-line-height);\"><h1>Beer Baths Letna &#8211;<\/h1>\n<h1>Preisliste<\/h1><\/h1><\/div><\/div><\/div><div class=\"fusion-layout-column fusion_builder_column fusion-builder-column-1 fusion_builder_column_1_1 1_1 fusion-flex-column\" style=\"--awb-bg-size:cover;--awb-width-large:100%;--awb-margin-top-large:14%;--awb-spacing-right-large:1.92%;--awb-margin-bottom-large:0px;--awb-spacing-left-large:1.92%;--awb-width-medium:100%;--awb-order-medium:0;--awb-spacing-right-medium:1.92%;--awb-spacing-left-medium:1.92%;--awb-width-small:100%;--awb-order-small:0;--awb-spacing-right-small:1.92%;--awb-spacing-left-small:1.92%;\"><div class=\"fusion-column-wrapper fusion-column-has-shadow fusion-flex-justify-content-flex-end fusion-content-layout-column\"><div class=\"fusion-image-element \" style=\"text-align:center;--awb-liftup-border-radius:0px;--awb-caption-title-color:var(--awb-color1);--awb-caption-title-font-family:var(--body_typography-font-family);--awb-caption-title-font-weight:var(--body_typography-font-weight);--awb-caption-title-font-style:var(--body_typography-font-style);--awb-caption-title-size:var(--body_typography-font-size);--awb-caption-title-transform:var(--body_typography-text-transform);--awb-caption-title-line-height:var(--body_typography-line-height);--awb-caption-title-letter-spacing:var(--body_typography-letter-spacing);\"><div class=\"awb-image-frame awb-image-frame-1 imageframe-liftup\"><span class=\" fusion-imageframe imageframe-none imageframe-1\"><a class=\"fusion-no-lightbox\" href=\"https:\/\/www.tripadvisor.com\/Attraction_Review-g274707-d25435048-Reviews-Beer_Wine_SPA_LaznE_Pramen_Letna-Prague_Bohemia.html\" target=\"_blank\" aria-label=\"tripadvisor_white\" rel=\"noopener noreferrer\"><img decoding=\"async\" width=\"60\" height=\"52\" src=\"https:\/\/beer-baths.com\/wp-content\/uploads\/2023\/01\/tripadvisor_white.png\" alt class=\"img-responsive wp-image-437\"\/><\/a><\/span><\/div><\/div><div class=\"fusion-section-separator section-separator clouds fusion-section-separator-1\" style=\"--awb-spacer-height:99px;--awb-svg-margin-left:1.92%;--awb-svg-margin-right:1.92%;--awb-svg-margin-left-medium:1.92%;--awb-svg-margin-right-medium:1.92%;--awb-svg-margin-left-small:1.92%;--awb-svg-margin-right-small:1.92%;--awb-divider-height:99px;--awb-spacer-padding-top:inherit;--awb-sep-padding:0;--awb-svg-padding:0;--awb-margin-top:0px;\"><div class=\"fusion-section-separator-svg\"><svg class=\"fusion-clouds-candy\" xmlns=\"http:\/\/www.w3.org\/2000\/svg\" version=\"1.1\" width=\"100%\" height=\"100\" viewBox=\"0 0 100 100\" preserveAspectRatio=\"none\" fill=\"rgba(255,255,255,1)\"><path d=\"M-5 100 Q 0 20 5 100 Z\"><\/path>\n\t\t\t\t\t\t\t\t<path d=\"M0 100 Q 5 0 10 100\"><\/path>\n\t\t\t\t\t\t\t\t<path d=\"M5 100 Q 10 30 15 100\"><\/path>\n\t\t\t\t\t\t\t\t<path d=\"M10 100 Q 15 10 20 100\"><\/path>\n\t\t\t\t\t\t\t\t<path d=\"M15 100 Q 20 30 25 100\"><\/path>\n\t\t\t\t\t\t\t\t<path d=\"M20 100 Q 25 -10 30 100\"><\/path>\n\t\t\t\t\t\t\t\t<path d=\"M25 100 Q 30 10 35 100\"><\/path>\n\t\t\t\t\t\t\t\t<path d=\"M30 100 Q 35 30 40 100\"><\/path>\n\t\t\t\t\t\t\t\t<path d=\"M35 100 Q 40 10 45 100\"><\/path>\n\t\t\t\t\t\t\t\t<path d=\"M40 100 Q 45 50 50 100\"><\/path>\n\t\t\t\t\t\t\t\t<path d=\"M45 100 Q 50 20 55 100\"><\/path>\n\t\t\t\t\t\t\t\t<path d=\"M50 100 Q 55 40 60 100\"><\/path>\n\t\t\t\t\t\t\t\t<path d=\"M55 100 Q 60 60 65 100\"><\/path>\n\t\t\t\t\t\t\t\t<path d=\"M60 100 Q 65 50 70 100\"><\/path>\n\t\t\t\t\t\t\t\t<path d=\"M65 100 Q 70 20 75 100\"><\/path>\n\t\t\t\t\t\t\t\t<path d=\"M70 100 Q 75 45 80 100\"><\/path>\n\t\t\t\t\t\t\t\t<path d=\"M75 100 Q 80 30 85 100\"><\/path>\n\t\t\t\t\t\t\t\t<path d=\"M80 100 Q 85 20 90 100\"><\/path>\n\t\t\t\t\t\t\t\t<path d=\"M85 100 Q 90 50 95 100\"><\/path>\n\t\t\t\t\t\t\t\t<path d=\"M90 100 Q 95 25 100 100\"><\/path>\n\t\t\t\t\t\t\t\t<path d=\"M95 100 Q 100 15 105 100 Z\"><\/path><\/svg><\/div><div class=\"fusion-section-separator-spacer\"><div class=\"fusion-section-separator-spacer-height\"><\/div><\/div><\/div><\/div><\/div>\n<\/div><\/div><div class=\"fusion-fullwidth fullwidth-box fusion-builder-row-2 fusion-flex-container has-pattern-background has-mask-background nonhundred-percent-fullwidth non-hundred-percent-height-scrolling\" style=\"--awb-border-radius-top-left:0px;--awb-border-radius-top-right:0px;--awb-border-radius-bottom-right:0px;--awb-border-radius-bottom-left:0px;--awb-flex-wrap:wrap;\" ><div class=\"fusion-builder-row fusion-row fusion-flex-align-items-stretch fusion-flex-content-wrap\" style=\"max-width:1248px;margin-left: calc(-4% \/ 2 );margin-right: calc(-4% \/ 2 );\"><div class=\"fusion-layout-column fusion_builder_column fusion-builder-column-2 fusion_builder_column_1_2 1_2 fusion-flex-column\" style=\"--awb-padding-top:30px;--awb-padding-right:30px;--awb-padding-bottom:30px;--awb-padding-left:30px;--awb-bg-color:var(--awb-color4);--awb-bg-color-hover:var(--awb-color4);--awb-bg-size:cover;--awb-width-large:50%;--awb-margin-top-large:0px;--awb-spacing-right-large:3.84%;--awb-margin-bottom-large:20px;--awb-spacing-left-large:3.84%;--awb-width-medium:50%;--awb-order-medium:0;--awb-spacing-right-medium:3.84%;--awb-spacing-left-medium:3.84%;--awb-width-small:100%;--awb-order-small:0;--awb-spacing-right-small:1.92%;--awb-spacing-left-small:1.92%;\"><div class=\"fusion-column-wrapper fusion-column-has-shadow fusion-flex-justify-content-flex-start fusion-content-layout-column\"><div class=\"fusion-title title fusion-title-2 fusion-sep-none fusion-title-center fusion-title-text fusion-title-size-three\" style=\"--awb-text-color:var(--awb-color7);--awb-margin-bottom:30px;\"><h3 class=\"fusion-title-heading title-heading-center fusion-responsive-typography-calculated\" style=\"margin:0;--fontSize:40;line-height:var(--awb-typography1-line-height);\">Beer Spa und Salzgrotte<\/h3><\/div><div class=\"fusion-title title fusion-title-3 fusion-no-small-visibility fusion-sep-none fusion-title-text fusion-title-size-four\" style=\"--awb-font-size:28px;\"><h4 class=\"fusion-title-heading title-heading-left fusion-responsive-typography-calculated\" style=\"margin:0;font-size:1em;--fontSize:28;line-height:var(--awb-typography1-line-height);\">Einzelbad (12 B\u00e4der) \/ 79 \u20ac<\/h4><\/div><div class=\"fusion-title title fusion-title-4 fusion-no-medium-visibility fusion-no-large-visibility fusion-sep-none fusion-title-text fusion-title-size-six\"><h6 class=\"fusion-title-heading title-heading-left fusion-responsive-typography-calculated\" style=\"margin:0;--fontSize:16;line-height:var(--awb-typography1-line-height);\">Einzelbad (12 B\u00e4der) \/ 79 \u20ac<\/h6><\/div><div class=\"fusion-title title fusion-title-5 fusion-no-small-visibility fusion-sep-none fusion-title-text fusion-title-size-four\" style=\"--awb-font-size:28px;\"><h4 class=\"fusion-title-heading title-heading-left fusion-responsive-typography-calculated\" style=\"margin:0;font-size:1em;--fontSize:28;line-height:var(--awb-typography1-line-height);\">Doppelbad (4 B\u00e4der) \/ 110 \u20ac<\/h4><\/div><div class=\"fusion-title title fusion-title-6 fusion-no-medium-visibility fusion-no-large-visibility fusion-sep-none fusion-title-text fusion-title-size-six\"><h6 class=\"fusion-title-heading title-heading-left fusion-responsive-typography-calculated\" style=\"margin:0;--fontSize:16;line-height:var(--awb-typography1-line-height);\">Doppelbad (4 B\u00e4der) \/ 110 \u20ac<\/h6><\/div><div class=\"fusion-separator fusion-full-width-sep\" style=\"align-self: center;margin-left: auto;margin-right: auto;margin-top:30px;margin-bottom:30px;width:100%;\"><div class=\"fusion-separator-border sep-single sep-solid\" style=\"--awb-height:20px;--awb-amount:20px;--awb-sep-color:var(--awb-color7);border-color:var(--awb-color7);border-top-width:1px;\"><\/div><\/div><div class=\"fusion-text fusion-text-1\" style=\"--awb-text-color:var(--awb-color7);--awb-margin-top:20px;\"><div>\n<div>Wir f\u00fcllen f\u00fcr Sie eine spezielle Badewanne mit warmem Wasser bei 37\u201338 \u00b0C und geben ein besonderes Bier hinzu, das nach einem einzigartigen Rezept gebraut wird.<\/div>\n<div>Nach Ihrem Bad entspannen Sie am Kamin in unserer einzigartigen Salzgrotte. Vor allem steht Ihnen w\u00e4hrend der gesamten Anwendung unbegrenzt tschechisches Bier zur Verf\u00fcgung.<\/div>\n<div><\/div>\n<div>Ein Bierbad (20\u201325 Minuten), Entspannung am Kamin in der Salzgrotte (25 Minuten) sowie der Genuss von hellem und dunklem Bier (3 Biere pro Person).<\/div>\n<\/div>\n<\/div><\/div><\/div><div class=\"fusion-layout-column fusion_builder_column fusion-builder-column-3 fusion_builder_column_1_2 1_2 fusion-flex-column\" style=\"--awb-padding-top:30px;--awb-padding-right:30px;--awb-padding-bottom:30px;--awb-padding-left:30px;--awb-bg-color:var(--awb-color5);--awb-bg-color-hover:var(--awb-color5);--awb-bg-size:cover;--awb-width-large:50%;--awb-margin-top-large:0px;--awb-spacing-right-large:3.84%;--awb-margin-bottom-large:20px;--awb-spacing-left-large:3.84%;--awb-width-medium:50%;--awb-order-medium:0;--awb-spacing-right-medium:3.84%;--awb-spacing-left-medium:3.84%;--awb-width-small:100%;--awb-order-small:0;--awb-spacing-right-small:1.92%;--awb-spacing-left-small:1.92%;\"><div class=\"fusion-column-wrapper fusion-column-has-shadow fusion-flex-justify-content-flex-start fusion-content-layout-column\"><div class=\"fusion-title title fusion-title-7 fusion-sep-none fusion-title-center fusion-title-text fusion-title-size-three\" style=\"--awb-text-color:var(--awb-color2);--awb-margin-bottom:30px;\"><h3 class=\"fusion-title-heading title-heading-center fusion-responsive-typography-calculated\" style=\"margin:0;--fontSize:40;line-height:var(--awb-typography1-line-height);\">Wein-Spa und Salzgrotte<\/h3><\/div><div class=\"fusion-title title fusion-title-8 fusion-no-small-visibility fusion-sep-none fusion-title-text fusion-title-size-four\" style=\"--awb-text-color:var(--awb-color1);\"><h4 class=\"fusion-title-heading title-heading-left fusion-responsive-typography-calculated\" style=\"margin:0;--fontSize:30;line-height:var(--awb-typography1-line-height);\">Einzelbad (12 B\u00e4der) \/ 96 \u20ac<\/h4><\/div><div class=\"fusion-title title fusion-title-9 fusion-no-medium-visibility fusion-no-large-visibility fusion-sep-none fusion-title-text fusion-title-size-six\" style=\"--awb-text-color:var(--awb-color1);\"><h6 class=\"fusion-title-heading title-heading-left fusion-responsive-typography-calculated\" style=\"margin:0;--fontSize:16;line-height:var(--awb-typography1-line-height);\">Einzelbad (12 B\u00e4der) \/ 96 \u20ac<\/h6><\/div><div class=\"fusion-title title fusion-title-10 fusion-no-small-visibility fusion-sep-none fusion-title-text fusion-title-size-four\" style=\"--awb-text-color:var(--awb-color1);--awb-font-size:28px;\"><h4 class=\"fusion-title-heading title-heading-left fusion-responsive-typography-calculated\" style=\"margin:0;font-size:1em;--fontSize:28;line-height:var(--awb-typography1-line-height);\">Doppelbad (4 B\u00e4der) \/ 127 \u20ac<\/h4><\/div><div class=\"fusion-title title fusion-title-11 fusion-no-medium-visibility fusion-no-large-visibility fusion-sep-none fusion-title-text fusion-title-size-six\" style=\"--awb-text-color:var(--awb-color1);\"><h6 class=\"fusion-title-heading title-heading-left fusion-responsive-typography-calculated\" style=\"margin:0;--fontSize:16;line-height:var(--awb-typography1-line-height);\">Doppelbad (4 B\u00e4der) \/ 127 \u20ac<\/h6><\/div><div class=\"fusion-separator fusion-full-width-sep\" style=\"align-self: center;margin-left: auto;margin-right: auto;margin-top:30px;margin-bottom:30px;width:100%;\"><div class=\"fusion-separator-border sep-single sep-solid\" style=\"--awb-height:20px;--awb-amount:20px;border-color:var(--awb-color3);border-top-width:1px;\"><\/div><\/div><div class=\"fusion-text fusion-text-2\" style=\"--awb-text-color:var(--awb-color3);\"><p>G\u00f6nnen Sie sich ein entspannendes Wellnessbad. Genie\u00dfen Sie ein speziell vorbereitetes Whirlpoolbad bei 36\u201340 \u00b0C mit einer einzigartigen Cleopatra-Mischung aus Zutaten wie Rotwein, Ziegenmilch, Lavendel und Mandel\u00f6len bei einer Aufenthaltsdauer von 20\u201325 Minuten.<\/p>\n<p>Anschlie\u00dfend k\u00f6nnen Sie sich in der gr\u00f6\u00dften Salzgrotte Prags am Kamin entspannen. Nach dem Bad wirkt Ihre Haut ges\u00fcnder und frischer, w\u00e4hrend K\u00f6rper und Seele vom Alltagsstress befreit werden.<\/p>\n<p>Kleopatrabad mit Whirlpool (20-25 Minuten), Entspannung in der Salzgrotte (25-30 Minuten), Handt\u00fccher, Bettw\u00e4sche, Prosecco.<\/p>\n<\/div><\/div><\/div><\/div><\/div><div class=\"fusion-fullwidth fullwidth-box fusion-builder-row-3 fusion-flex-container has-pattern-background has-mask-background nonhundred-percent-fullwidth non-hundred-percent-height-scrolling\" style=\"--link_color: var(--awb-color4);--awb-border-radius-top-left:0px;--awb-border-radius-top-right:0px;--awb-border-radius-bottom-right:0px;--awb-border-radius-bottom-left:0px;--awb-padding-top:30px;--awb-background-color:var(--awb-color1);--awb-flex-wrap:wrap;\" ><div class=\"fusion-builder-row fusion-row fusion-flex-align-items-flex-start fusion-flex-content-wrap\" style=\"max-width:1248px;margin-left: calc(-4% \/ 2 );margin-right: calc(-4% \/ 2 );\"><div class=\"fusion-layout-column fusion_builder_column fusion-builder-column-4 fusion_builder_column_1_1 1_1 fusion-flex-column\" style=\"--awb-padding-top:30px;--awb-padding-right:30px;--awb-padding-bottom:30px;--awb-padding-left:30px;--awb-bg-color:var(--awb-color3);--awb-bg-color-hover:var(--awb-color3);--awb-bg-size:cover;--awb-width-large:100%;--awb-margin-top-large:0px;--awb-spacing-right-large:1.92%;--awb-margin-bottom-large:20px;--awb-spacing-left-large:1.92%;--awb-width-medium:100%;--awb-order-medium:0;--awb-spacing-right-medium:1.92%;--awb-spacing-left-medium:1.92%;--awb-width-small:100%;--awb-order-small:0;--awb-spacing-right-small:1.92%;--awb-spacing-left-small:1.92%;\"><div class=\"fusion-column-wrapper fusion-column-has-shadow fusion-flex-justify-content-center fusion-content-layout-row\"><div class=\"fusion-text fusion-text-3\" style=\"--awb-text-color:var(--awb-color7);\"><p>Der angegebene Preis gilt f\u00fcr 1 Stunde; bei Buchungen von mehr als 1 Stunde <a href=\"https:\/\/beer-baths.com\/de\/contacts\/\">kontaktieren<\/a> Sie uns bitte.<\/p>\n<p>Diese Preise sind Grundpreise; das aktuelle Angebot finden Sie auf der <a href=\"https:\/\/beer-baths.com\/de\/reservation\/\">Reservierungsseite<\/a>.<\/p>\n<\/div><\/div><\/div><\/div><\/div><div class=\"fusion-fullwidth fullwidth-box fusion-builder-row-4 fusion-flex-container has-pattern-background has-mask-background nonhundred-percent-fullwidth non-hundred-percent-height-scrolling\" style=\"--awb-border-radius-top-left:0px;--awb-border-radius-top-right:0px;--awb-border-radius-bottom-right:0px;--awb-border-radius-bottom-left:0px;--awb-flex-wrap:wrap;\" ><div class=\"fusion-builder-row fusion-row fusion-flex-align-items-flex-start fusion-flex-content-wrap\" style=\"max-width:1248px;margin-left: calc(-4% \/ 2 );margin-right: calc(-4% \/ 2 );\"><div class=\"fusion-layout-column fusion_builder_column fusion-builder-column-5 fusion_builder_column_1_1 1_1 fusion-flex-column\" style=\"--awb-bg-size:cover;--awb-width-large:100%;--awb-margin-top-large:0px;--awb-spacing-right-large:1.92%;--awb-margin-bottom-large:20px;--awb-spacing-left-large:1.92%;--awb-width-medium:100%;--awb-order-medium:0;--awb-spacing-right-medium:1.92%;--awb-spacing-left-medium:1.92%;--awb-width-small:100%;--awb-order-small:0;--awb-spacing-right-small:1.92%;--awb-spacing-left-small:1.92%;\"><div class=\"fusion-column-wrapper fusion-column-has-shadow fusion-flex-justify-content-flex-start fusion-content-layout-column\"><product-catalog-widget widget-id=\"7472f1ae-e9d3-47fa-91ec-5f56f72ca105\"><\/product-catalog-widget><script type=\"text\/javascript\" src=\"https:\/\/widgets.regiondo.net\/catalog\/v1\/catalog-widget.min.js\"><\/script><\/div><\/div><\/div><\/div><\/p>\n","protected":false},"excerpt":{"rendered":"","protected":false},"author":1,"featured_media":0,"parent":0,"menu_order":0,"comment_status":"closed","ping_status":"closed","template":"100-width.php","meta":{"footnotes":""},"class_list":["post-495","page","type-page","status-publish","hentry"],"yoast_head":"<!-- This site is optimized with the Yoast SEO plugin v27.1.1 - https:\/\/yoast.com\/product\/yoast-seo-wordpress\/ -->\n<title>Preisliste | Bier- und Wein-Spa Prag | Beer Baths Letna<\/title>\n<meta name=\"description\" content=\"Werfen Sie einen Blick auf die Preisliste f\u00fcr Bier-, Wein- und Kohlens\u00e4ureb\u00e4der sowie auf weitere Anwendungen, die Sie in unserem Beer Spa Beer Baths Letna genie\u00dfen k\u00f6nnen.\" \/>\n<meta name=\"robots\" content=\"index, follow, max-snippet:-1, max-image-preview:large, max-video-preview:-1\" \/>\n<link rel=\"canonical\" href=\"https:\/\/beer-baths.com\/de\/price\/\" \/>\n<meta property=\"og:locale\" content=\"de_DE\" \/>\n<meta property=\"og:type\" content=\"article\" \/>\n<meta property=\"og:title\" content=\"Preisliste | Bier- und Wein-Spa Prag | Beer Baths Letna\" \/>\n<meta property=\"og:description\" content=\"Werfen Sie einen Blick auf die Preisliste f\u00fcr Bier-, Wein- und Kohlens\u00e4ureb\u00e4der sowie auf weitere Anwendungen, die Sie in unserem Beer Spa Beer Baths Letna genie\u00dfen k\u00f6nnen.\" \/>\n<meta property=\"og:url\" content=\"https:\/\/beer-baths.com\/de\/price\/\" \/>\n<meta property=\"og:site_name\" content=\"Beer Baths Letna\" \/>\n<meta property=\"article:publisher\" content=\"https:\/\/www.facebook.com\/laznepramen\" \/>\n<meta property=\"article:modified_time\" content=\"2025-12-14T10:33:49+00:00\" \/>\n<meta name=\"twitter:card\" content=\"summary_large_image\" \/>\n<meta name=\"twitter:label1\" content=\"Gesch\u00e4tzte Lesezeit\" \/>\n\t<meta name=\"twitter:data1\" content=\"6\u00a0Minuten\" \/>\n<script type=\"application\/ld+json\" class=\"yoast-schema-graph\">{\"@context\":\"https:\/\/schema.org\",\"@graph\":[{\"@type\":\"WebPage\",\"@id\":\"https:\/\/beer-baths.com\/de\/price\/\",\"url\":\"https:\/\/beer-baths.com\/de\/price\/\",\"name\":\"Preisliste | Bier- und Wein-Spa Prag | Beer Baths Letna\",\"isPartOf\":{\"@id\":\"https:\/\/beer-baths.com\/de\/#website\"},\"datePublished\":\"2023-01-04T20:10:04+00:00\",\"dateModified\":\"2025-12-14T10:33:49+00:00\",\"description\":\"Werfen Sie einen Blick auf die Preisliste f\u00fcr Bier-, Wein- und Kohlens\u00e4ureb\u00e4der sowie auf weitere Anwendungen, die Sie in unserem Beer Spa Beer Baths Letna genie\u00dfen k\u00f6nnen.\",\"breadcrumb\":{\"@id\":\"https:\/\/beer-baths.com\/de\/price\/#breadcrumb\"},\"inLanguage\":\"de\",\"potentialAction\":[{\"@type\":\"ReadAction\",\"target\":[\"https:\/\/beer-baths.com\/de\/price\/\"]}]},{\"@type\":\"BreadcrumbList\",\"@id\":\"https:\/\/beer-baths.com\/de\/price\/#breadcrumb\",\"itemListElement\":[{\"@type\":\"ListItem\",\"position\":1,\"name\":\"Home\",\"item\":\"https:\/\/beer-baths.com\/de\/\"},{\"@type\":\"ListItem\",\"position\":2,\"name\":\"Preis\"}]},{\"@type\":\"WebSite\",\"@id\":\"https:\/\/beer-baths.com\/de\/#website\",\"url\":\"https:\/\/beer-baths.com\/de\/\",\"name\":\"Beer Baths Letna\",\"description\":\"Beer and Wine SPA in Prague\",\"publisher\":{\"@id\":\"https:\/\/beer-baths.com\/de\/#organization\"},\"potentialAction\":[{\"@type\":\"SearchAction\",\"target\":{\"@type\":\"EntryPoint\",\"urlTemplate\":\"https:\/\/beer-baths.com\/de\/?s={search_term_string}\"},\"query-input\":{\"@type\":\"PropertyValueSpecification\",\"valueRequired\":true,\"valueName\":\"search_term_string\"}}],\"inLanguage\":\"de\"},{\"@type\":\"Organization\",\"@id\":\"https:\/\/beer-baths.com\/de\/#organization\",\"name\":\"Business Dragons s.r.o.\",\"url\":\"https:\/\/beer-baths.com\/de\/\",\"logo\":{\"@type\":\"ImageObject\",\"inLanguage\":\"de\",\"@id\":\"https:\/\/beer-baths.com\/de\/#\/schema\/logo\/image\/\",\"url\":\"\",\"contentUrl\":\"\",\"caption\":\"Business Dragons s.r.o.\"},\"image\":{\"@id\":\"https:\/\/beer-baths.com\/de\/#\/schema\/logo\/image\/\"},\"sameAs\":[\"https:\/\/www.facebook.com\/laznepramen\",\"https:\/\/www.instagram.com\/laznepramen_letna\/\",\"https:\/\/www.tripadvisor.com\/Attraction_Review-g274707-d7377900-Reviews-Lazne_Pramen_Beer_and_Wine_spa-Prague_Bohemia.html\"]}]}<\/script>\n<!-- \/ Yoast SEO plugin. -->","yoast_head_json":{"title":"Preisliste | Bier- und Wein-Spa Prag | Beer Baths Letna","description":"Werfen Sie einen Blick auf die Preisliste f\u00fcr Bier-, Wein- und Kohlens\u00e4ureb\u00e4der sowie auf weitere Anwendungen, die Sie in unserem Beer Spa Beer Baths Letna genie\u00dfen k\u00f6nnen.","robots":{"index":"index","follow":"follow","max-snippet":"max-snippet:-1","max-image-preview":"max-image-preview:large","max-video-preview":"max-video-preview:-1"},"canonical":"https:\/\/beer-baths.com\/de\/price\/","og_locale":"de_DE","og_type":"article","og_title":"Preisliste | Bier- und Wein-Spa Prag | Beer Baths Letna","og_description":"Werfen Sie einen Blick auf die Preisliste f\u00fcr Bier-, Wein- und Kohlens\u00e4ureb\u00e4der sowie auf weitere Anwendungen, die Sie in unserem Beer Spa Beer Baths Letna genie\u00dfen k\u00f6nnen.","og_url":"https:\/\/beer-baths.com\/de\/price\/","og_site_name":"Beer Baths Letna","article_publisher":"https:\/\/www.facebook.com\/laznepramen","article_modified_time":"2025-12-14T10:33:49+00:00","twitter_card":"summary_large_image","twitter_misc":{"Gesch\u00e4tzte Lesezeit":"6\u00a0Minuten"},"schema":{"@context":"https:\/\/schema.org","@graph":[{"@type":"WebPage","@id":"https:\/\/beer-baths.com\/de\/price\/","url":"https:\/\/beer-baths.com\/de\/price\/","name":"Preisliste | Bier- und Wein-Spa Prag | Beer Baths Letna","isPartOf":{"@id":"https:\/\/beer-baths.com\/de\/#website"},"datePublished":"2023-01-04T20:10:04+00:00","dateModified":"2025-12-14T10:33:49+00:00","description":"Werfen Sie einen Blick auf die Preisliste f\u00fcr Bier-, Wein- und Kohlens\u00e4ureb\u00e4der sowie auf weitere Anwendungen, die Sie in unserem Beer Spa Beer Baths Letna genie\u00dfen k\u00f6nnen.","breadcrumb":{"@id":"https:\/\/beer-baths.com\/de\/price\/#breadcrumb"},"inLanguage":"de","potentialAction":[{"@type":"ReadAction","target":["https:\/\/beer-baths.com\/de\/price\/"]}]},{"@type":"BreadcrumbList","@id":"https:\/\/beer-baths.com\/de\/price\/#breadcrumb","itemListElement":[{"@type":"ListItem","position":1,"name":"Home","item":"https:\/\/beer-baths.com\/de\/"},{"@type":"ListItem","position":2,"name":"Preis"}]},{"@type":"WebSite","@id":"https:\/\/beer-baths.com\/de\/#website","url":"https:\/\/beer-baths.com\/de\/","name":"Beer Baths Letna","description":"Beer and Wine SPA in Prague","publisher":{"@id":"https:\/\/beer-baths.com\/de\/#organization"},"potentialAction":[{"@type":"SearchAction","target":{"@type":"EntryPoint","urlTemplate":"https:\/\/beer-baths.com\/de\/?s={search_term_string}"},"query-input":{"@type":"PropertyValueSpecification","valueRequired":true,"valueName":"search_term_string"}}],"inLanguage":"de"},{"@type":"Organization","@id":"https:\/\/beer-baths.com\/de\/#organization","name":"Business Dragons s.r.o.","url":"https:\/\/beer-baths.com\/de\/","logo":{"@type":"ImageObject","inLanguage":"de","@id":"https:\/\/beer-baths.com\/de\/#\/schema\/logo\/image\/","url":"","contentUrl":"","caption":"Business Dragons s.r.o."},"image":{"@id":"https:\/\/beer-baths.com\/de\/#\/schema\/logo\/image\/"},"sameAs":["https:\/\/www.facebook.com\/laznepramen","https:\/\/www.instagram.com\/laznepramen_letna\/","https:\/\/www.tripadvisor.com\/Attraction_Review-g274707-d7377900-Reviews-Lazne_Pramen_Beer_and_Wine_spa-Prague_Bohemia.html"]}]}},"_links":{"self":[{"href":"https:\/\/beer-baths.com\/de\/wp-json\/wp\/v2\/pages\/495","targetHints":{"allow":["GET"]}}],"collection":[{"href":"https:\/\/beer-baths.com\/de\/wp-json\/wp\/v2\/pages"}],"about":[{"href":"https:\/\/beer-baths.com\/de\/wp-json\/wp\/v2\/types\/page"}],"author":[{"embeddable":true,"href":"https:\/\/beer-baths.com\/de\/wp-json\/wp\/v2\/users\/1"}],"replies":[{"embeddable":true,"href":"https:\/\/beer-baths.com\/de\/wp-json\/wp\/v2\/comments?post=495"}],"version-history":[{"count":74,"href":"https:\/\/beer-baths.com\/de\/wp-json\/wp\/v2\/pages\/495\/revisions"}],"predecessor-version":[{"id":3384,"href":"https:\/\/beer-baths.com\/de\/wp-json\/wp\/v2\/pages\/495\/revisions\/3384"}],"wp:attachment":[{"href":"https:\/\/beer-baths.com\/de\/wp-json\/wp\/v2\/media?parent=495"}],"curies":[{"name":"wp","href":"https:\/\/api.w.org\/{rel}","templated":true}]}}