{"id":673,"date":"2022-12-20T12:17:09","date_gmt":"2022-12-20T11:17:09","guid":{"rendered":"https:\/\/beer-baths.com\/privacy-policy\/"},"modified":"2026-02-23T18:24:58","modified_gmt":"2026-02-23T17:24:58","slug":"privacy-policy","status":"publish","type":"page","link":"https:\/\/beer-baths.com\/cs\/privacy-policy\/","title":{"rendered":"V\u0161eobecn\u00e9 obchodn\u00ed podm\u00ednky"},"content":{"rendered":"<p><div class=\"fusion-fullwidth fullwidth-box fusion-builder-row-1 fusion-flex-container has-pattern-background has-mask-background nonhundred-percent-fullwidth non-hundred-percent-height-scrolling\" style=\"--awb-border-radius-top-left:0px;--awb-border-radius-top-right:0px;--awb-border-radius-bottom-right:0px;--awb-border-radius-bottom-left:0px;--awb-flex-wrap:wrap;\" ><div class=\"fusion-builder-row fusion-row fusion-flex-align-items-flex-start fusion-flex-content-wrap\" style=\"max-width:1248px;margin-left: calc(-4% \/ 2 );margin-right: calc(-4% \/ 2 );\"><div class=\"fusion-layout-column fusion_builder_column fusion-builder-column-0 fusion_builder_column_1_1 1_1 fusion-flex-column\" style=\"--awb-padding-top:20px;--awb-padding-bottom:20px;--awb-bg-color:var(--awb-color3);--awb-bg-color-hover:var(--awb-color3);--awb-bg-size:cover;--awb-width-large:100%;--awb-margin-top-large:0px;--awb-spacing-right-large:1.92%;--awb-margin-bottom-large:20px;--awb-spacing-left-large:1.92%;--awb-width-medium:100%;--awb-order-medium:0;--awb-spacing-right-medium:1.92%;--awb-spacing-left-medium:1.92%;--awb-width-small:100%;--awb-order-small:0;--awb-spacing-right-small:1.92%;--awb-spacing-left-small:1.92%;\"><div class=\"fusion-column-wrapper fusion-column-has-shadow fusion-flex-justify-content-flex-start fusion-content-layout-column\"><nav class=\"fusion-breadcrumbs awb-yoast-breadcrumbs fusion-breadcrumbs-1\" style=\"--awb-alignment:center;--awb-text-hover-color:var(--awb-color5);--awb-text-color:var(--awb-color7);--awb-breadcrumb-sep:&#039;\/&#039;;text-align:center;\" aria-label=\"Breadcrumb\"><span><span><a href=\"https:\/\/beer-baths.com\/cs\/\">Home<\/a><\/span><\/span><\/nav><\/div><\/div><\/div><\/div><div class=\"fusion-fullwidth fullwidth-box fusion-builder-row-2 fusion-flex-container has-pattern-background has-mask-background nonhundred-percent-fullwidth non-hundred-percent-height-scrolling\" style=\"--awb-border-radius-top-left:0px;--awb-border-radius-top-right:0px;--awb-border-radius-bottom-right:0px;--awb-border-radius-bottom-left:0px;--awb-flex-wrap:wrap;\" ><div class=\"fusion-builder-row fusion-row fusion-flex-align-items-flex-start fusion-flex-content-wrap\" style=\"max-width:1248px;margin-left: calc(-4% \/ 2 );margin-right: calc(-4% \/ 2 );\"><div class=\"fusion-layout-column fusion_builder_column fusion-builder-column-1 fusion_builder_column_1_1 1_1 fusion-flex-column\" style=\"--awb-bg-blend:overlay;--awb-bg-size:cover;--awb-width-large:100%;--awb-margin-top-large:30px;--awb-spacing-right-large:1.92%;--awb-margin-bottom-large:0px;--awb-spacing-left-large:1.92%;--awb-width-medium:100%;--awb-spacing-right-medium:1.92%;--awb-spacing-left-medium:1.92%;--awb-width-small:100%;--awb-spacing-right-small:1.92%;--awb-spacing-left-small:1.92%;\"><div class=\"fusion-column-wrapper fusion-flex-justify-content-flex-start fusion-content-layout-column\"><div class=\"fusion-title title fusion-title-1 fusion-sep-none fusion-title-text fusion-title-size-four\" style=\"--awb-text-color:var(--awb-color5);\"><h4 class=\"fusion-title-heading title-heading-left fusion-responsive-typography-calculated\" style=\"margin:0;--fontSize:30;line-height:var(--awb-typography1-line-height);\"><h1>Z\u00e1sady ochrany osobn\u00edch \u00fadaj\u016f<\/h1>\n<div id=\"gtx-trans\" style=\"position: absolute; left: 76px; top: 38px;\">\n<div class=\"gtx-trans-icon\"><\/div>\n<\/div><\/h4><\/div><div class=\"fusion-title title fusion-title-2 fusion-sep-none fusion-title-text fusion-title-size-four\" style=\"--awb-text-color:var(--awb-color5);\"><h4 class=\"fusion-title-heading title-heading-left fusion-responsive-typography-calculated\" style=\"margin:0;--fontSize:30;line-height:var(--awb-typography1-line-height);\">1. P\u0159edm\u011bt v\u0161eobecn\u00fdch podm\u00ednek<\/h4><\/div><div class=\"fusion-text fusion-text-1\" style=\"--awb-text-color:var(--awb-custom_color_1);--awb-margin-left:2%;\"><p>Pivn\u00ed l\u00e1zn\u011b vyd\u00e1vaj\u00ed tyto V\u0161eobecn\u00e9 obchodn\u00ed podm\u00ednky pro poskytov\u00e1n\u00ed slu\u017eeb klient\u016fm, upravuj\u00edc\u00ed a vymezuj\u00edc\u00ed jejich pr\u00e1va a povinnosti.<\/p>\n<\/div><div class=\"fusion-title title fusion-title-3 fusion-sep-none fusion-title-text fusion-title-size-four\" style=\"--awb-text-color:var(--awb-color5);\"><h4 class=\"fusion-title-heading title-heading-left fusion-responsive-typography-calculated\" style=\"margin:0;--fontSize:30;line-height:var(--awb-typography1-line-height);\">2. Objedn\u00e1v\u00e1n\u00ed slu\u017eeb<\/h4><\/div><div class=\"fusion-title title fusion-title-4 fusion-sep-none fusion-title-text fusion-title-size-five\" style=\"--awb-text-color:var(--awb-color7);--awb-margin-left:2%;\"><h5 class=\"fusion-title-heading title-heading-left fusion-responsive-typography-calculated\" style=\"margin:0;--fontSize:22;line-height:var(--awb-typography1-line-height);\">2.1 Na webov\u00fdch str\u00e1nk\u00e1ch<\/h5><\/div><div class=\"fusion-text fusion-text-2\" style=\"--awb-text-color:var(--awb-custom_color_1);--awb-margin-left:4%;\"><p>Pivn\u00ed l\u00e1zn\u011b vyd\u00e1vaj\u00ed tyto V\u0161eobecn\u00e9 obchodn\u00ed podm\u00ednky pro poskytov\u00e1n\u00ed slu\u017eeb klient\u016fm, upravuj\u00edc\u00ed a vymezuj\u00edc\u00ed jejich pr\u00e1va a povinnosti.<\/p>\n<\/div><div class=\"fusion-title title fusion-title-5 fusion-sep-none fusion-title-text fusion-title-size-five\" style=\"--awb-text-color:var(--awb-color7);--awb-margin-left:2%;\"><h5 class=\"fusion-title-heading title-heading-left fusion-responsive-typography-calculated\" style=\"margin:0;--fontSize:22;line-height:var(--awb-typography1-line-height);\">2.2 Osobn\u00ed objedn\u00e1n\u00ed slu\u017eeb na recepci<\/h5><\/div><div class=\"fusion-text fusion-text-3\" style=\"--awb-text-color:var(--awb-custom_color_1);--awb-margin-left:4%;\"><p>Osobn\u00ed objedn\u00e1vku je mo\u017en\u00e9 prov\u00e9st p\u0159\u00edmo na recepci l\u00e1zn\u00ed v provozn\u00ed dob\u011b. Pokud je objedn\u00e1vka realizovan\u00e1 osobn\u011b, pova\u017euje se za platnou a\u017e ve chv\u00edli, kdy dojde k jej\u00ed \u00fapln\u00e9 \u00fahrad\u011b.<\/p>\n<\/div><div class=\"fusion-title title fusion-title-6 fusion-sep-none fusion-title-text fusion-title-size-four\" style=\"--awb-text-color:var(--awb-color5);\"><h4 class=\"fusion-title-heading title-heading-left fusion-responsive-typography-calculated\" style=\"margin:0;--fontSize:30;line-height:var(--awb-typography1-line-height);\">3. Potvrzen\u00ed objedn\u00e1vky<\/h4><\/div><div class=\"fusion-text fusion-text-4\" style=\"--awb-text-color:var(--awb-custom_color_1);--awb-margin-left:2%;\"><p>Po uhrazen\u00ed objedn\u00e1vky obdr\u017e\u00ed klient voucher, kter\u00fd slou\u017e\u00ed jako doklad \u00fasp\u011b\u0161n\u00e9ho objedn\u00e1n\u00ed slu\u017eeb. Pokud klient uhrad\u00ed cenu objedn\u00e1vky v hotovosti, \u010di platebn\u00ed kartou na recepci l\u00e1zn\u00ed, obdr\u017e\u00ed voucher v ti\u0161t\u011bn\u00e9 podob\u011b. Pokud provede \u00fahradu elektronicky na str\u00e1nk\u00e1ch www.beer-baths.ml,\u200b je mu potvrzen\u00ed objedn\u00e1vky odesl\u00e1no na emailovou schr\u00e1nku, kterou klient uvedl v pr\u016fb\u011bhu objedn\u00e1n\u00ed slu\u017eeb.<\/p>\n<\/div><div class=\"fusion-title title fusion-title-7 fusion-sep-none fusion-title-text fusion-title-size-four\" style=\"--awb-text-color:var(--awb-color5);\"><h4 class=\"fusion-title-heading title-heading-left fusion-responsive-typography-calculated\" style=\"margin:0;--fontSize:30;line-height:var(--awb-typography1-line-height);\">4. Pravidla procedury<\/h4><\/div><div class=\"fusion-text fusion-text-5\" style=\"--awb-text-color:var(--awb-custom_color_1);--awb-margin-left:2%;\"><p>Klienti jsou povinni dostavit se na proceduru nejpozd\u011bji 10 minut p\u0159ed jej\u00edm za\u010d\u00e1tkem. V p\u0159\u00edpad\u011b pozdn\u00edho p\u0159\u00edchodu nemaj\u00ed klienti n\u00e1rok na prodlou\u017een\u00ed d\u00e9lky procedury ani na finan\u010dn\u00ed kompenzaci.<\/p>\n<\/div><div class=\"fusion-text fusion-text-6\" style=\"--awb-text-color:var(--awb-custom_color_1);--awb-margin-left:2%;\"><p>P\u0159ed zapo\u010det\u00edm procedury je klient povinen p\u0159edlo\u017eit person\u00e1lu recepce pivn\u00edch l\u00e1zn\u00ed voucher, kter\u00fdm prok\u00e1\u017ee objedn\u00e1n\u00ed a uhrazen\u00ed objednan\u00fdch slu\u017eeb. Voucher m\u016f\u017ee b\u00fdt p\u0159edlo\u017een bu\u010f pap\u00edrov\u011b nebo v elektronick\u00e9 podob\u011b (nap\u0159. na telefonu nebo tabletu).<\/p>\n<\/div><div class=\"fusion-text fusion-text-7\" style=\"--awb-text-color:var(--awb-custom_color_1);--awb-margin-left:2%;\"><p>Klienti se zavazuj\u00ed db\u00e1t instrukc\u00ed person\u00e1lu pivn\u00edch l\u00e1zn\u00ed a to zejm\u00e9na instrukc\u00ed, t\u00fdkaj\u00edc\u00edch se bezpe\u010dnosti v pr\u016fb\u011bhu pivn\u00ed koupele a odpo\u010dinku v relaxa\u010dn\u00ed m\u00edstnosti.<\/p>\n<\/div><div class=\"fusion-text fusion-text-8\" style=\"--awb-text-color:var(--awb-custom_color_1);--awb-margin-left:2%;\"><p>V pr\u016fb\u011bhu pivn\u00ed l\u00e1zn\u011b je zak\u00e1z\u00e1no:<\/p>\n<ul>\n<li>kou\u0159it, u\u017e\u00edvat drog a rozd\u011bl\u00e1vat ohe\u0148;<\/li>\n<li>pohybovat se mimo vymezen\u00fd prostor, samostatn\u011b obsluhovat elektrick\u00e1 kamna;<\/li>\n<li>realizovat aktivity znamenaj\u00edc\u00ed ohro\u017een\u00ed na zdrav\u00ed \u010di \u017eivot\u011b jak sv\u00e9m tak osob pohybuj\u00edc\u00edch se v prostoru pivn\u00edch l\u00e1zn\u00ed;<\/li>\n<li>manipulovat, p\u0159esouvat \u010di jinak po\u0161kozovat vnit\u0159n\u00ed za\u0159\u00edzen\u00ed pivn\u00edch l\u00e1zn\u00ed;<\/li>\n<li>odn\u00e1\u0161et v\u011bci spadaj\u00edc\u00ed do vnit\u0159n\u00edho za\u0159\u00edzen\u00ed a majetku Pivn\u00edch L\u00e1zn\u00ed;<\/li>\n<li>vstupovat do prostor technick\u00e9ho z\u00e1zem\u00ed a technologi\u00ed;<\/li>\n<\/ul>\n<\/div><div class=\"fusion-title title fusion-title-8 fusion-sep-none fusion-title-text fusion-title-size-four\" style=\"--awb-text-color:var(--awb-color5);\"><h4 class=\"fusion-title-heading title-heading-left fusion-responsive-typography-calculated\" style=\"margin:0;--fontSize:30;line-height:var(--awb-typography1-line-height);\">5. Povinnosti klienta<\/h4><\/div><div class=\"fusion-text fusion-text-9\" style=\"--awb-text-color:var(--awb-custom_color_1);--awb-margin-left:2%;\"><p>Klienti maj\u00ed pr\u00e1vo na poskytnut\u00ed slu\u017eeb v rozsahu a kvalit\u011b dle uhrazen\u00e9 objedn\u00e1vky.<\/p>\n<p>Klienti maj\u00ed povinnost dodr\u017eovat stanoven\u00fd program procedury a dodr\u017eovat pravidla procedury, stanoven\u00e9 v t\u011bchto VOP.<\/p>\n<p>Dokon\u010den\u00edm rezervace klient potvrzuje, \u017ee je mu v\u00edce ne\u017e 18 let, jeho uveden\u00e9 informace jsou pravdiv\u00e9 a souhlas\u00ed s t\u00edm, \u017ee budou pou\u017eity pro dal\u0161\u00ed zpracov\u00e1n\u00ed provozovatele pivn\u00edch l\u00e1zn\u00ed. Klient je povinen na vy\u017e\u00e1d\u00e1n\u00ed provozovatele prok\u00e1zat p\u0159ed za\u010d\u00e1tkem procedury sv\u016fj v\u011bk, a to prost\u0159ednictv\u00edm OP, \u0158P, Pasu, \u010di jin\u00e9ho pr\u016fkazu toto\u017enosti.<\/p>\n<p>V p\u0159\u00edpad\u011b nadm\u011brn\u00e9ho zne\u010di\u0161t\u011bn\u00ed prostor je klient povinen uhradit n\u00e1klady na \u00faklid a sanaci prostor v \u010d\u00e1stce 1000 k\u010d.<\/p>\n<\/div><div class=\"fusion-title title fusion-title-9 fusion-sep-none fusion-title-text fusion-title-size-four\" style=\"--awb-text-color:var(--awb-color5);\"><h4 class=\"fusion-title-heading title-heading-left fusion-responsive-typography-calculated\" style=\"margin:0;--fontSize:30;line-height:var(--awb-typography1-line-height);\">6. Povinnosti provozovatele<\/h4><\/div><div class=\"fusion-text fusion-text-10\" style=\"--awb-text-color:var(--awb-custom_color_1);--awb-margin-left:2%;\"><p>Provozovatel je povinen s dostate\u010dn\u00fdm p\u0159edstihem informovat klienta o p\u0159\u00edpadn\u00fdch zm\u011bn\u00e1ch v objedn\u00e1vce.<\/p>\n<p>Klient m\u00e1 pr\u00e1vo na stornov\u00e1n\u00ed objedn\u00e1vky, nejpozd\u011bji v\u0161ak 48 hodin p\u0159ed pl\u00e1novan\u00fdm term\u00ednem objednan\u00e9 procedury. V tomto p\u0159\u00edpad\u011b m\u00e1 klient pr\u00e1vo na vr\u00e1cen\u00ed 100% ji\u017e uhrazen\u00e9 ceny.<\/p>\n<p>Rezervaci je mo\u017en\u00e9 zru\u0161it volnou e-mailovou formou na adrese info@beer-baths.ml. Na telefonick\u00e9 zru\u0161en\u00ed nebude br\u00e1n z\u0159etel.<\/p>\n<\/div><div class=\"fusion-title title fusion-title-10 fusion-sep-none fusion-title-text fusion-title-size-four\" style=\"--awb-text-color:var(--awb-color5);\"><h4 class=\"fusion-title-heading title-heading-left fusion-responsive-typography-calculated\" style=\"margin:0;--fontSize:30;line-height:var(--awb-typography1-line-height);\">7. Zdravotn\u00ed rizika a doporu\u010den\u00ed<\/h4><\/div><div class=\"fusion-text fusion-text-11\" style=\"--awb-text-color:var(--awb-custom_color_1);--awb-margin-left:2%;\"><p>Osob\u00e1m s vysok\u00fdm krevn\u00edm tlakem, po operac\u00edch srdce, t\u011bhotn\u00e9 \u017eeny od 3 m\u011bs\u00edc\u016f t\u011bhotenstv\u00ed je doporu\u010deno konzultovat n\u00e1v\u0161t\u011bvu l\u00e1zn\u00ed se sv\u00fdm l\u00e9ka\u0159em.<\/p>\n<\/div><div class=\"fusion-title title fusion-title-11 fusion-sep-none fusion-title-text fusion-title-size-four\" style=\"--awb-text-color:var(--awb-color5);\"><h4 class=\"fusion-title-heading title-heading-left fusion-responsive-typography-calculated\" style=\"margin:0;--fontSize:30;line-height:var(--awb-typography1-line-height);\">8. Z\u00e1v\u011bre\u010dn\u00e1 ustanoven\u00ed<\/h4><\/div><div class=\"fusion-text fusion-text-12\" style=\"--awb-text-color:var(--awb-custom_color_1);--awb-margin-left:2%;\"><p>Spole\u010dnost Business Dragons s.r.o. m\u00e1 pr\u00e1vo V\u0161eobecn\u00e9 obchodn\u00ed podm\u00ednky m\u011bnit a aktualizovat. Aktu\u00e1ln\u00ed podoba VOP je v\u017edy zve\u0159ejn\u011bna na webov\u00fdch str\u00e1nk\u00e1ch www.beer-baths.ml.<\/p>\n<\/div><\/div><\/div><\/div><\/div><\/p>\n","protected":false},"excerpt":{"rendered":"","protected":false},"author":1,"featured_media":0,"parent":0,"menu_order":0,"comment_status":"closed","ping_status":"open","template":"100-width.php","meta":{"footnotes":""},"class_list":["post-673","page","type-page","status-publish","hentry"],"yoast_head":"<!-- This site is optimized with the Yoast SEO plugin v27.1.1 - https:\/\/yoast.com\/product\/yoast-seo-wordpress\/ -->\n<title>V\u0161eobecn\u00e9 obchodn\u00ed podm\u00ednky - Beer Baths Letna<\/title>\n<meta name=\"robots\" content=\"index, follow, max-snippet:-1, max-image-preview:large, max-video-preview:-1\" \/>\n<link rel=\"canonical\" href=\"https:\/\/beer-baths.com\/cs\/privacy-policy\/\" \/>\n<meta property=\"og:locale\" content=\"cs_CZ\" \/>\n<meta property=\"og:type\" content=\"article\" \/>\n<meta property=\"og:title\" content=\"V\u0161eobecn\u00e9 obchodn\u00ed podm\u00ednky - Beer Baths Letna\" \/>\n<meta property=\"og:url\" content=\"https:\/\/beer-baths.com\/cs\/privacy-policy\/\" \/>\n<meta property=\"og:site_name\" content=\"Beer Baths Letna\" \/>\n<meta property=\"article:publisher\" content=\"https:\/\/www.facebook.com\/laznepramen\" \/>\n<meta property=\"article:modified_time\" content=\"2026-02-23T17:24:58+00:00\" \/>\n<meta name=\"twitter:card\" content=\"summary_large_image\" \/>\n<meta name=\"twitter:label1\" content=\"Odhadovan\u00e1 doba \u010dten\u00ed\" \/>\n\t<meta name=\"twitter:data1\" content=\"3 minuty\" \/>\n<script type=\"application\/ld+json\" class=\"yoast-schema-graph\">{\"@context\":\"https:\/\/schema.org\",\"@graph\":[{\"@type\":\"WebPage\",\"@id\":\"https:\/\/beer-baths.com\/cs\/privacy-policy\/\",\"url\":\"https:\/\/beer-baths.com\/cs\/privacy-policy\/\",\"name\":\"V\u0161eobecn\u00e9 obchodn\u00ed podm\u00ednky - Beer Baths Letna\",\"isPartOf\":{\"@id\":\"https:\/\/beer-baths.com\/cs\/#website\"},\"datePublished\":\"2022-12-20T11:17:09+00:00\",\"dateModified\":\"2026-02-23T17:24:58+00:00\",\"breadcrumb\":{\"@id\":\"https:\/\/beer-baths.com\/cs\/privacy-policy\/#breadcrumb\"},\"inLanguage\":\"cs\",\"potentialAction\":[{\"@type\":\"ReadAction\",\"target\":[\"https:\/\/beer-baths.com\/cs\/privacy-policy\/\"]}]},{\"@type\":\"BreadcrumbList\",\"@id\":\"https:\/\/beer-baths.com\/cs\/privacy-policy\/#breadcrumb\",\"itemListElement\":[{\"@type\":\"ListItem\",\"position\":1,\"name\":\"Home\",\"item\":\"https:\/\/beer-baths.com\/cs\/\"},{\"@type\":\"ListItem\",\"position\":2,\"name\":\"V\u0161eobecn\u00e9 obchodn\u00ed podm\u00ednky\"}]},{\"@type\":\"WebSite\",\"@id\":\"https:\/\/beer-baths.com\/cs\/#website\",\"url\":\"https:\/\/beer-baths.com\/cs\/\",\"name\":\"Beer Baths Letna\",\"description\":\"Beer and Wine SPA in Prague\",\"publisher\":{\"@id\":\"https:\/\/beer-baths.com\/cs\/#organization\"},\"potentialAction\":[{\"@type\":\"SearchAction\",\"target\":{\"@type\":\"EntryPoint\",\"urlTemplate\":\"https:\/\/beer-baths.com\/cs\/?s={search_term_string}\"},\"query-input\":{\"@type\":\"PropertyValueSpecification\",\"valueRequired\":true,\"valueName\":\"search_term_string\"}}],\"inLanguage\":\"cs\"},{\"@type\":\"Organization\",\"@id\":\"https:\/\/beer-baths.com\/cs\/#organization\",\"name\":\"Business Dragons s.r.o.\",\"url\":\"https:\/\/beer-baths.com\/cs\/\",\"logo\":{\"@type\":\"ImageObject\",\"inLanguage\":\"cs\",\"@id\":\"https:\/\/beer-baths.com\/cs\/#\/schema\/logo\/image\/\",\"url\":\"\",\"contentUrl\":\"\",\"caption\":\"Business Dragons s.r.o.\"},\"image\":{\"@id\":\"https:\/\/beer-baths.com\/cs\/#\/schema\/logo\/image\/\"},\"sameAs\":[\"https:\/\/www.facebook.com\/laznepramen\",\"https:\/\/www.instagram.com\/laznepramen_letna\/\",\"https:\/\/www.tripadvisor.com\/Attraction_Review-g274707-d7377900-Reviews-Lazne_Pramen_Beer_and_Wine_spa-Prague_Bohemia.html\"]}]}<\/script>\n<!-- \/ Yoast SEO plugin. -->","yoast_head_json":{"title":"V\u0161eobecn\u00e9 obchodn\u00ed podm\u00ednky - Beer Baths Letna","robots":{"index":"index","follow":"follow","max-snippet":"max-snippet:-1","max-image-preview":"max-image-preview:large","max-video-preview":"max-video-preview:-1"},"canonical":"https:\/\/beer-baths.com\/cs\/privacy-policy\/","og_locale":"cs_CZ","og_type":"article","og_title":"V\u0161eobecn\u00e9 obchodn\u00ed podm\u00ednky - Beer Baths Letna","og_url":"https:\/\/beer-baths.com\/cs\/privacy-policy\/","og_site_name":"Beer Baths Letna","article_publisher":"https:\/\/www.facebook.com\/laznepramen","article_modified_time":"2026-02-23T17:24:58+00:00","twitter_card":"summary_large_image","twitter_misc":{"Odhadovan\u00e1 doba \u010dten\u00ed":"3 minuty"},"schema":{"@context":"https:\/\/schema.org","@graph":[{"@type":"WebPage","@id":"https:\/\/beer-baths.com\/cs\/privacy-policy\/","url":"https:\/\/beer-baths.com\/cs\/privacy-policy\/","name":"V\u0161eobecn\u00e9 obchodn\u00ed podm\u00ednky - Beer Baths Letna","isPartOf":{"@id":"https:\/\/beer-baths.com\/cs\/#website"},"datePublished":"2022-12-20T11:17:09+00:00","dateModified":"2026-02-23T17:24:58+00:00","breadcrumb":{"@id":"https:\/\/beer-baths.com\/cs\/privacy-policy\/#breadcrumb"},"inLanguage":"cs","potentialAction":[{"@type":"ReadAction","target":["https:\/\/beer-baths.com\/cs\/privacy-policy\/"]}]},{"@type":"BreadcrumbList","@id":"https:\/\/beer-baths.com\/cs\/privacy-policy\/#breadcrumb","itemListElement":[{"@type":"ListItem","position":1,"name":"Home","item":"https:\/\/beer-baths.com\/cs\/"},{"@type":"ListItem","position":2,"name":"V\u0161eobecn\u00e9 obchodn\u00ed podm\u00ednky"}]},{"@type":"WebSite","@id":"https:\/\/beer-baths.com\/cs\/#website","url":"https:\/\/beer-baths.com\/cs\/","name":"Beer Baths Letna","description":"Beer and Wine SPA in Prague","publisher":{"@id":"https:\/\/beer-baths.com\/cs\/#organization"},"potentialAction":[{"@type":"SearchAction","target":{"@type":"EntryPoint","urlTemplate":"https:\/\/beer-baths.com\/cs\/?s={search_term_string}"},"query-input":{"@type":"PropertyValueSpecification","valueRequired":true,"valueName":"search_term_string"}}],"inLanguage":"cs"},{"@type":"Organization","@id":"https:\/\/beer-baths.com\/cs\/#organization","name":"Business Dragons s.r.o.","url":"https:\/\/beer-baths.com\/cs\/","logo":{"@type":"ImageObject","inLanguage":"cs","@id":"https:\/\/beer-baths.com\/cs\/#\/schema\/logo\/image\/","url":"","contentUrl":"","caption":"Business Dragons s.r.o."},"image":{"@id":"https:\/\/beer-baths.com\/cs\/#\/schema\/logo\/image\/"},"sameAs":["https:\/\/www.facebook.com\/laznepramen","https:\/\/www.instagram.com\/laznepramen_letna\/","https:\/\/www.tripadvisor.com\/Attraction_Review-g274707-d7377900-Reviews-Lazne_Pramen_Beer_and_Wine_spa-Prague_Bohemia.html"]}]}},"_links":{"self":[{"href":"https:\/\/beer-baths.com\/cs\/wp-json\/wp\/v2\/pages\/673","targetHints":{"allow":["GET"]}}],"collection":[{"href":"https:\/\/beer-baths.com\/cs\/wp-json\/wp\/v2\/pages"}],"about":[{"href":"https:\/\/beer-baths.com\/cs\/wp-json\/wp\/v2\/types\/page"}],"author":[{"embeddable":true,"href":"https:\/\/beer-baths.com\/cs\/wp-json\/wp\/v2\/users\/1"}],"replies":[{"embeddable":true,"href":"https:\/\/beer-baths.com\/cs\/wp-json\/wp\/v2\/comments?post=673"}],"version-history":[{"count":6,"href":"https:\/\/beer-baths.com\/cs\/wp-json\/wp\/v2\/pages\/673\/revisions"}],"predecessor-version":[{"id":3447,"href":"https:\/\/beer-baths.com\/cs\/wp-json\/wp\/v2\/pages\/673\/revisions\/3447"}],"wp:attachment":[{"href":"https:\/\/beer-baths.com\/cs\/wp-json\/wp\/v2\/media?parent=673"}],"curies":[{"name":"wp","href":"https:\/\/api.w.org\/{rel}","templated":true}]}}