{"id":481,"date":"2022-12-20T12:22:37","date_gmt":"2022-12-20T11:22:37","guid":{"rendered":"https:\/\/beer-baths.com\/contact\/"},"modified":"2026-02-23T17:38:33","modified_gmt":"2026-02-23T16:38:33","slug":"contacts","status":"publish","type":"page","link":"https:\/\/beer-baths.com\/cs\/contacts\/","title":{"rendered":"Kontakty"},"content":{"rendered":"<p><div class=\"fusion-fullwidth fullwidth-box fusion-builder-row-1 fusion-flex-container has-pattern-background has-mask-background fusion-parallax-none nonhundred-percent-fullwidth non-hundred-percent-height-scrolling\" style=\"--awb-border-radius-top-left:0px;--awb-border-radius-top-right:0px;--awb-border-radius-bottom-right:0px;--awb-border-radius-bottom-left:0px;--awb-margin-bottom:4%;--awb-background-image:url(&quot;https:\/\/beer-baths.com\/wp-content\/uploads\/2023\/02\/contact_hall.jpg&quot;);--awb-background-size:cover;--awb-flex-wrap:wrap;\" ><div class=\"fusion-builder-row fusion-row fusion-flex-align-items-flex-start fusion-flex-content-wrap\" style=\"max-width:1248px;margin-left: calc(-4% \/ 2 );margin-right: calc(-4% \/ 2 );\"><div class=\"fusion-layout-column fusion_builder_column fusion-builder-column-0 fusion_builder_column_1_1 1_1 fusion-flex-column\" style=\"--awb-bg-size:cover;--awb-width-large:100%;--awb-margin-top-large:25%;--awb-spacing-right-large:1.92%;--awb-margin-bottom-large:0px;--awb-spacing-left-large:1.92%;--awb-width-medium:100%;--awb-order-medium:0;--awb-spacing-right-medium:1.92%;--awb-spacing-left-medium:1.92%;--awb-width-small:100%;--awb-order-small:0;--awb-spacing-right-small:1.92%;--awb-spacing-left-small:1.92%;\"><div class=\"fusion-column-wrapper fusion-column-has-shadow fusion-flex-justify-content-flex-start fusion-content-layout-column\"><div class=\"fusion-title title fusion-title-1 fusion-sep-none fusion-title-center fusion-title-text fusion-title-size-one\" style=\"--awb-text-color:var(--awb-color3);\"><h1 class=\"fusion-title-heading title-heading-center fusion-responsive-typography-calculated\" style=\"margin:0;--fontSize:72;line-height:var(--awb-typography1-line-height);\">Beer Baths Letna Kontakty<\/h1><\/div><\/div><\/div><div class=\"fusion-layout-column fusion_builder_column fusion-builder-column-1 fusion_builder_column_1_1 1_1 fusion-flex-column\" style=\"--awb-bg-size:cover;--awb-width-large:100%;--awb-margin-top-large:14%;--awb-spacing-right-large:1.92%;--awb-margin-bottom-large:0px;--awb-spacing-left-large:1.92%;--awb-width-medium:100%;--awb-order-medium:0;--awb-spacing-right-medium:1.92%;--awb-spacing-left-medium:1.92%;--awb-width-small:100%;--awb-order-small:0;--awb-spacing-right-small:1.92%;--awb-spacing-left-small:1.92%;\"><div class=\"fusion-column-wrapper fusion-column-has-shadow fusion-flex-justify-content-flex-end fusion-content-layout-column\"><div class=\"fusion-image-element \" style=\"text-align:center;--awb-liftup-border-radius:0px;--awb-caption-title-color:var(--awb-color1);--awb-caption-title-font-family:var(--body_typography-font-family);--awb-caption-title-font-weight:var(--body_typography-font-weight);--awb-caption-title-font-style:var(--body_typography-font-style);--awb-caption-title-size:var(--body_typography-font-size);--awb-caption-title-transform:var(--body_typography-text-transform);--awb-caption-title-line-height:var(--body_typography-line-height);--awb-caption-title-letter-spacing:var(--body_typography-letter-spacing);\"><div class=\"awb-image-frame awb-image-frame-1 imageframe-liftup\"><span class=\" fusion-imageframe imageframe-none imageframe-1\"><a class=\"fusion-no-lightbox\" href=\"https:\/\/www.tripadvisor.com\/Attraction_Review-g274707-d25435048-Reviews-Beer_Wine_SPA_LaznE_Pramen_Letna-Prague_Bohemia.html\" target=\"_blank\" aria-label=\"tripadvisor_white\" rel=\"noopener noreferrer\"><img decoding=\"async\" width=\"60\" height=\"52\" src=\"https:\/\/beer-baths.com\/wp-content\/uploads\/2023\/01\/tripadvisor_white.png\" alt class=\"img-responsive wp-image-436\"\/><\/a><\/span><\/div><\/div><div class=\"fusion-section-separator section-separator clouds fusion-section-separator-1\" style=\"--awb-spacer-height:99px;--awb-svg-margin-left:1.92%;--awb-svg-margin-right:1.92%;--awb-svg-margin-left-medium:1.92%;--awb-svg-margin-right-medium:1.92%;--awb-svg-margin-left-small:1.92%;--awb-svg-margin-right-small:1.92%;--awb-divider-height:99px;--awb-spacer-padding-top:inherit;--awb-sep-padding:0;--awb-svg-padding:0;--awb-margin-top:0px;\"><div class=\"fusion-section-separator-svg\"><svg class=\"fusion-clouds-candy\" xmlns=\"http:\/\/www.w3.org\/2000\/svg\" version=\"1.1\" width=\"100%\" height=\"100\" viewBox=\"0 0 100 100\" preserveAspectRatio=\"none\" fill=\"rgba(255,255,255,1)\"><path d=\"M-5 100 Q 0 20 5 100 Z\"><\/path>\n\t\t\t\t\t\t\t\t<path d=\"M0 100 Q 5 0 10 100\"><\/path>\n\t\t\t\t\t\t\t\t<path d=\"M5 100 Q 10 30 15 100\"><\/path>\n\t\t\t\t\t\t\t\t<path d=\"M10 100 Q 15 10 20 100\"><\/path>\n\t\t\t\t\t\t\t\t<path d=\"M15 100 Q 20 30 25 100\"><\/path>\n\t\t\t\t\t\t\t\t<path d=\"M20 100 Q 25 -10 30 100\"><\/path>\n\t\t\t\t\t\t\t\t<path d=\"M25 100 Q 30 10 35 100\"><\/path>\n\t\t\t\t\t\t\t\t<path d=\"M30 100 Q 35 30 40 100\"><\/path>\n\t\t\t\t\t\t\t\t<path d=\"M35 100 Q 40 10 45 100\"><\/path>\n\t\t\t\t\t\t\t\t<path d=\"M40 100 Q 45 50 50 100\"><\/path>\n\t\t\t\t\t\t\t\t<path d=\"M45 100 Q 50 20 55 100\"><\/path>\n\t\t\t\t\t\t\t\t<path d=\"M50 100 Q 55 40 60 100\"><\/path>\n\t\t\t\t\t\t\t\t<path d=\"M55 100 Q 60 60 65 100\"><\/path>\n\t\t\t\t\t\t\t\t<path d=\"M60 100 Q 65 50 70 100\"><\/path>\n\t\t\t\t\t\t\t\t<path d=\"M65 100 Q 70 20 75 100\"><\/path>\n\t\t\t\t\t\t\t\t<path d=\"M70 100 Q 75 45 80 100\"><\/path>\n\t\t\t\t\t\t\t\t<path d=\"M75 100 Q 80 30 85 100\"><\/path>\n\t\t\t\t\t\t\t\t<path d=\"M80 100 Q 85 20 90 100\"><\/path>\n\t\t\t\t\t\t\t\t<path d=\"M85 100 Q 90 50 95 100\"><\/path>\n\t\t\t\t\t\t\t\t<path d=\"M90 100 Q 95 25 100 100\"><\/path>\n\t\t\t\t\t\t\t\t<path d=\"M95 100 Q 100 15 105 100 Z\"><\/path><\/svg><\/div><div class=\"fusion-section-separator-spacer\"><div class=\"fusion-section-separator-spacer-height\"><\/div><\/div><\/div><\/div><\/div>\n<\/div><\/div><div class=\"fusion-fullwidth fullwidth-box fusion-builder-row-2 fusion-flex-container has-pattern-background has-mask-background nonhundred-percent-fullwidth non-hundred-percent-height-scrolling\" style=\"--link_hover_color: var(--awb-color7);--link_color: var(--awb-color1);--awb-border-radius-top-left:0px;--awb-border-radius-top-right:0px;--awb-border-radius-bottom-right:0px;--awb-border-radius-bottom-left:0px;--awb-flex-wrap:wrap;\" ><div class=\"fusion-builder-row fusion-row fusion-flex-align-items-stretch fusion-flex-content-wrap\" style=\"max-width:1248px;margin-left: calc(-4% \/ 2 );margin-right: calc(-4% \/ 2 );\"><div class=\"fusion-layout-column fusion_builder_column fusion-builder-column-2 fusion_builder_column_2_3 2_3 fusion-flex-column\" style=\"--awb-bg-size:cover;--awb-width-large:66.666666666667%;--awb-margin-top-large:0px;--awb-spacing-right-large:2.88%;--awb-margin-bottom-large:20px;--awb-spacing-left-large:2.88%;--awb-width-medium:66.666666666667%;--awb-order-medium:0;--awb-spacing-right-medium:2.88%;--awb-spacing-left-medium:2.88%;--awb-width-small:100%;--awb-order-small:0;--awb-spacing-right-small:1.92%;--awb-spacing-left-small:1.92%;\"><div class=\"fusion-column-wrapper fusion-column-has-shadow fusion-flex-justify-content-flex-start fusion-content-layout-column\"><div class=\"fusion-title title fusion-title-2 fusion-sep-none fusion-title-text fusion-title-size-three\" style=\"--awb-text-color:var(--awb-color7);--awb-margin-top:0px;--awb-margin-bottom:30px;\"><h3 class=\"fusion-title-heading title-heading-left fusion-responsive-typography-calculated\" style=\"margin:0;--fontSize:40;line-height:var(--awb-typography1-line-height);\">Jsme na Google Maps<\/h3><\/div><iframe class=\"fusion-hidden\" data-privacy-type=\"gmaps\" src=\"\" data-privacy-src=\"https:\/\/www.google.com\/maps\/embed?pb=!1m14!1m8!1m3!1d10237.345129400672!2d14.4225613!3d50.0987123!3m2!1i1024!2i768!4f13.1!3m3!1m2!1s0x0:0xbcc9523edb39fe09!2sBeer%20Spa%20Letn%C3%A1%20-%20L%C3%A1zn%C4%9B%20Pramen%20Prague!5e0!3m2!1sen!2scz!4v1636401515788!5m2!1sen!2scz\" style=\"border:0!important;width:100%;height:300px;\" allowfullscreen=\"\" loading=\"lazy\"><\/iframe><div class=\"fusion-privacy-placeholder\"  data-privacy-type=\"gmaps\"><div class=\"fusion-privacy-placeholder-content\"><div class=\"fusion-privacy-label\">For privacy reasons Google Maps needs your permission to be loaded. For more details, please see our <a class=\"privacy-policy-link\" href=\"https:\/\/beer-baths.com\/en\/privacy-policy\/\" rel=\"privacy-policy\">Privacy Policy<\/a>.<\/div><button data-privacy-type=\"gmaps\" class=\"fusion-button button-default fusion-button-default-size button fusion-privacy-consent\">I Accept<\/button><\/div><\/div><div class=\"fusion-separator fusion-full-width-sep\" style=\"align-self: center;margin-left: auto;margin-right: auto;margin-bottom:4%;width:100%;\"><\/div><div class=\"fusion-title title fusion-title-3 fusion-sep-none fusion-title-text fusion-title-size-three\" style=\"--awb-text-color:var(--awb-color7);--awb-margin-top:50px;--awb-margin-bottom:20px;\"><h3 class=\"fusion-title-heading title-heading-left fusion-responsive-typography-calculated\" style=\"margin:0;--fontSize:40;line-height:var(--awb-typography1-line-height);\">Provozovatel<\/h3><\/div><div class=\"fusion-builder-row fusion-builder-row-inner fusion-row fusion-flex-align-items-stretch fusion-flex-content-wrap\" style=\"width:104% !important;max-width:104% !important;margin-left: calc(-4% \/ 2 );margin-right: calc(-4% \/ 2 );\"><div class=\"fusion-layout-column fusion_builder_column_inner fusion-builder-nested-column-0 fusion_builder_column_inner_1_1 1_1 fusion-flex-column\" style=\"--awb-padding-top:30px;--awb-padding-right:30px;--awb-padding-bottom:30px;--awb-padding-left:30px;--awb-bg-color:var(--awb-color5);--awb-bg-color-hover:var(--awb-color5);--awb-bg-size:cover;--awb-width-large:100%;--awb-margin-top-large:0px;--awb-spacing-right-large:1.92%;--awb-margin-bottom-large:20px;--awb-spacing-left-large:1.92%;--awb-width-medium:100%;--awb-order-medium:0;--awb-spacing-right-medium:1.92%;--awb-spacing-left-medium:1.92%;--awb-width-small:100%;--awb-order-small:0;--awb-spacing-right-small:1.92%;--awb-spacing-left-small:1.92%;\" data-scroll-devices=\"small-visibility,medium-visibility,large-visibility\"><div class=\"fusion-column-wrapper fusion-column-has-shadow fusion-flex-justify-content-flex-start fusion-content-layout-block\"><div class=\"fusion-title title fusion-title-4 fusion-no-small-visibility fusion-sep-none fusion-title-text fusion-title-size-four\" style=\"--awb-text-color:var(--awb-color3);\"><h4 class=\"fusion-title-heading title-heading-left fusion-responsive-typography-calculated\" style=\"margin:0;--fontSize:30;line-height:var(--awb-typography1-line-height);\">Business Dragons s.r.o.<\/h4><\/div><div class=\"fusion-title title fusion-title-5 fusion-no-medium-visibility fusion-no-large-visibility fusion-sep-none fusion-title-text fusion-title-size-five\" style=\"--awb-text-color:var(--awb-color3);\"><h5 class=\"fusion-title-heading title-heading-left fusion-responsive-typography-calculated\" style=\"margin:0;--fontSize:22;line-height:var(--awb-typography1-line-height);\">Business Dragons s.r.o.<\/h5><\/div><div class=\"fusion-text fusion-text-1\" style=\"--awb-text-color:var(--awb-color1);\"><p>I\u010c: 026 84 942<br \/>\n<i class=\"fas fa-map-marker-alt\"><\/i> Dobrovsk\u00e9ho 951\/44, 170 00 Praha-7, Hole\u0161ovice<br \/>\n<a href=\"tel:+420777025111\"><i class=\"fas fa-phone\"> <\/i>+420 777 025 111<\/a><br \/>\n<a href=\"mailto:info@beer-baths.com\"><i class=\"fas fa-envelope\"><\/i> info@beer-baths.com<\/a><\/p>\n<\/div><\/div><\/div><\/div><\/div><\/div><div class=\"fusion-layout-column fusion_builder_column fusion-builder-column-3 fusion_builder_column_1_3 1_3 fusion-flex-column\" style=\"--awb-bg-size:cover;--awb-width-large:33.333333333333%;--awb-margin-top-large:0px;--awb-spacing-right-large:5.76%;--awb-margin-bottom-large:20px;--awb-spacing-left-large:5.76%;--awb-width-medium:33.333333333333%;--awb-order-medium:0;--awb-spacing-right-medium:5.76%;--awb-spacing-left-medium:5.76%;--awb-width-small:100%;--awb-order-small:0;--awb-spacing-right-small:1.92%;--awb-spacing-left-small:1.92%;\"><div class=\"fusion-column-wrapper fusion-column-has-shadow fusion-flex-justify-content-flex-start fusion-content-layout-column\"><div class=\"fusion-image-element \" style=\"--awb-aspect-ratio: 100 \/ 95;--awb-object-position:45% 0%;--awb-margin-bottom:0px;--awb-caption-title-font-family:var(--h2_typography-font-family);--awb-caption-title-font-weight:var(--h2_typography-font-weight);--awb-caption-title-font-style:var(--h2_typography-font-style);--awb-caption-title-size:var(--h2_typography-font-size);--awb-caption-title-transform:var(--h2_typography-text-transform);--awb-caption-title-line-height:var(--h2_typography-line-height);--awb-caption-title-letter-spacing:var(--h2_typography-letter-spacing);\"><span class=\" fusion-imageframe imageframe-none imageframe-2 hover-type-none has-aspect-ratio\"><img decoding=\"async\" width=\"700\" height=\"614\" alt=\"Beer Baths Letna\" title=\"\u0421ontact entrance\" src=\"https:\/\/beer-baths.com\/wp-content\/uploads\/2025\/05\/contact_entrance_2.jpeg\" class=\"img-responsive wp-image-3220 img-with-aspect-ratio\" data-parent-fit=\"cover\" data-parent-container=\".fusion-image-element\" srcset=\"https:\/\/beer-baths.com\/wp-content\/uploads\/2025\/05\/contact_entrance_2-200x175.jpeg 200w, https:\/\/beer-baths.com\/wp-content\/uploads\/2025\/05\/contact_entrance_2-400x351.jpeg 400w, https:\/\/beer-baths.com\/wp-content\/uploads\/2025\/05\/contact_entrance_2-600x526.jpeg 600w, https:\/\/beer-baths.com\/wp-content\/uploads\/2025\/05\/contact_entrance_2.jpeg 700w\" sizes=\"(max-width: 640px) 100vw, 400px\" \/><\/span><\/div><div class=\"fusion-builder-row fusion-builder-row-inner fusion-row fusion-flex-align-items-stretch fusion-flex-content-wrap\" style=\"width:104% !important;max-width:104% !important;margin-left: calc(-4% \/ 2 );margin-right: calc(-4% \/ 2 );\"><div class=\"fusion-layout-column fusion_builder_column_inner fusion-builder-nested-column-1 fusion_builder_column_inner_1_1 1_1 fusion-flex-column\" style=\"--awb-padding-top:30px;--awb-padding-right:30px;--awb-padding-bottom:30px;--awb-padding-left:30px;--awb-bg-color:var(--awb-color4);--awb-bg-color-hover:var(--awb-color4);--awb-bg-size:cover;--awb-width-large:100%;--awb-margin-top-large:0px;--awb-spacing-right-large:1.92%;--awb-margin-bottom-large:0px;--awb-spacing-left-large:1.92%;--awb-width-medium:100%;--awb-order-medium:0;--awb-spacing-right-medium:1.92%;--awb-spacing-left-medium:1.92%;--awb-width-small:100%;--awb-order-small:0;--awb-spacing-right-small:1.92%;--awb-spacing-left-small:1.92%;\"><div class=\"fusion-column-wrapper fusion-column-has-shadow fusion-flex-justify-content-flex-start fusion-content-layout-column\"><div class=\"fusion-title title fusion-title-6 fusion-sep-none fusion-title-text fusion-title-size-five\" style=\"--awb-margin-bottom:20px;\"><h5 class=\"fusion-title-heading title-heading-left fusion-responsive-typography-calculated\" style=\"margin:0;--fontSize:22;line-height:var(--awb-typography1-line-height);\"><strong>Pracovn\u00ed doba<\/strong><\/h5><\/div><div class=\"fusion-text fusion-text-2 fusion-text-no-margin\"><p>Otev\u0159eno: Po\u2013Ne 11:00\u201320:00<\/p>\n<\/div><\/div><\/div><\/div><\/div><\/div><\/div><\/div><div class=\"fusion-fullwidth fullwidth-box fusion-builder-row-3 fusion-flex-container has-pattern-background has-mask-background nonhundred-percent-fullwidth non-hundred-percent-height-scrolling\" style=\"--awb-border-radius-top-left:0px;--awb-border-radius-top-right:0px;--awb-border-radius-bottom-right:0px;--awb-border-radius-bottom-left:0px;--awb-flex-wrap:wrap;\" ><div class=\"fusion-builder-row fusion-row fusion-flex-align-items-flex-start fusion-flex-content-wrap\" style=\"max-width:1248px;margin-left: calc(-4% \/ 2 );margin-right: calc(-4% \/ 2 );\"><div class=\"fusion-layout-column fusion_builder_column fusion-builder-column-4 fusion_builder_column_1_1 1_1 fusion-flex-column\" style=\"--awb-bg-size:cover;--awb-width-large:100%;--awb-margin-top-large:0px;--awb-spacing-right-large:1.92%;--awb-margin-bottom-large:20px;--awb-spacing-left-large:1.92%;--awb-width-medium:100%;--awb-order-medium:0;--awb-spacing-right-medium:1.92%;--awb-spacing-left-medium:1.92%;--awb-width-small:100%;--awb-order-small:0;--awb-spacing-right-small:1.92%;--awb-spacing-left-small:1.92%;\"><div class=\"fusion-column-wrapper fusion-column-has-shadow fusion-flex-justify-content-flex-start fusion-content-layout-column\"><script type=\"application\/ld+json\">{\n  \"@context\": \"https:\/\/schema.org\",\n  \"@type\": \"LocalBusiness\",\n  \"@id\": \"https:\/\/beer-baths.com\/en\/#localbusiness-en\",\n  \"name\": \"Beer Baths Letna\",\n  \"url\": \"https:\/\/beer-baths.com\/en\/\",\n  \"description\": \"Everything you need for an unforgettable beer spa experience. Visit the largest beer and wine spa in Prague -- Beer Baths Letna, located near Prague Castle.\",\n  \"telephone\": \"+420777025111\",\n  \"email\": \"info@beer-baths.com\",\n  \"address\": {\n    \"@type\": \"PostalAddress\",\n    \"streetAddress\": \"Dobrovsk\u00e9ho 951\/44\",\n    \"addressLocality\": \"Praha 7-Hole\u0161ovice\",\n    \"postalCode\": \"170 00\",\n    \"addressCountry\": \"CZ\"\n  },\n  \"geo\": {\n    \"@type\": \"GeoCoordinates\",\n    \"latitude\": 50.0987125,\n    \"longitude\": 14.4225618\n  },\n  \"openingHoursSpecification\": [{\n    \"@type\": \"OpeningHoursSpecification\",\n    \"dayOfWeek\": [\"Monday\",\"Tuesday\",\"Wednesday\",\"Thursday\",\"Friday\",\"Saturday\",\"Sunday\"],\n    \"opens\": \"11:00\",\n    \"closes\": \"21:00\"\n  }],\n  \"makesOffer\": [\n    {\"@type\":\"Offer\",\"itemOffered\":{\"@type\":\"Service\",\"name\":\"Beer Spa\"}},\n    {\"@type\":\"Offer\",\"itemOffered\":{\"@type\":\"Service\",\"name\":\"Wine Spa\"}},\n    {\"@type\":\"Offer\",\"itemOffered\":{\"@type\":\"Service\",\"name\":\"Magnesium Bath\"}},\n    {\"@type\":\"Offer\",\"itemOffered\":{\"@type\":\"Service\",\"name\":\"Salt Cave\"}},\n    {\"@type\":\"Offer\",\"itemOffered\":{\"@type\":\"Service\",\"name\":\"Shared Beer Bath Experience\"}},\n    {\"@type\":\"Offer\",\"itemOffered\":{\"@type\":\"Service\",\"name\":\"Wine Bath for Two\"}},\n    {\"@type\":\"Offer\",\"itemOffered\":{\"@type\":\"Service\",\"name\":\"Parties at the Beer Baths\"}}\n  ]\n}\n<\/script><\/div><\/div><\/div><\/div><\/p>\n","protected":false},"excerpt":{"rendered":"","protected":false},"author":1,"featured_media":0,"parent":0,"menu_order":0,"comment_status":"closed","ping_status":"closed","template":"100-width.php","meta":{"footnotes":""},"class_list":["post-481","page","type-page","status-publish","hentry"],"yoast_head":"<!-- This site is optimized with the Yoast SEO plugin v27.1.1 - https:\/\/yoast.com\/product\/yoast-seo-wordpress\/ -->\n<title>Kontakty - Beer Baths Letna<\/title>\n<meta name=\"robots\" content=\"index, follow, max-snippet:-1, max-image-preview:large, max-video-preview:-1\" \/>\n<link rel=\"canonical\" href=\"https:\/\/beer-baths.com\/cs\/contacts\/\" \/>\n<meta property=\"og:locale\" content=\"cs_CZ\" \/>\n<meta property=\"og:type\" content=\"article\" \/>\n<meta property=\"og:title\" content=\"Kontakty - Beer Baths Letna\" \/>\n<meta property=\"og:url\" content=\"https:\/\/beer-baths.com\/cs\/contacts\/\" \/>\n<meta property=\"og:site_name\" content=\"Beer Baths Letna\" \/>\n<meta property=\"article:publisher\" content=\"https:\/\/www.facebook.com\/laznepramen\" \/>\n<meta property=\"article:modified_time\" content=\"2026-02-23T16:38:33+00:00\" \/>\n<meta name=\"twitter:card\" content=\"summary_large_image\" \/>\n<meta name=\"twitter:label1\" content=\"Odhadovan\u00e1 doba \u010dten\u00ed\" \/>\n\t<meta name=\"twitter:data1\" content=\"1 minuta\" \/>\n<script type=\"application\/ld+json\" class=\"yoast-schema-graph\">{\"@context\":\"https:\/\/schema.org\",\"@graph\":[{\"@type\":\"WebPage\",\"@id\":\"https:\/\/beer-baths.com\/cs\/contacts\/\",\"url\":\"https:\/\/beer-baths.com\/cs\/contacts\/\",\"name\":\"Kontakty - Beer Baths Letna\",\"isPartOf\":{\"@id\":\"https:\/\/beer-baths.com\/cs\/#website\"},\"datePublished\":\"2022-12-20T11:22:37+00:00\",\"dateModified\":\"2026-02-23T16:38:33+00:00\",\"breadcrumb\":{\"@id\":\"https:\/\/beer-baths.com\/cs\/contacts\/#breadcrumb\"},\"inLanguage\":\"cs\",\"potentialAction\":[{\"@type\":\"ReadAction\",\"target\":[\"https:\/\/beer-baths.com\/cs\/contacts\/\"]}]},{\"@type\":\"BreadcrumbList\",\"@id\":\"https:\/\/beer-baths.com\/cs\/contacts\/#breadcrumb\",\"itemListElement\":[{\"@type\":\"ListItem\",\"position\":1,\"name\":\"Home\",\"item\":\"https:\/\/beer-baths.com\/cs\/\"},{\"@type\":\"ListItem\",\"position\":2,\"name\":\"Kontakty\"}]},{\"@type\":\"WebSite\",\"@id\":\"https:\/\/beer-baths.com\/cs\/#website\",\"url\":\"https:\/\/beer-baths.com\/cs\/\",\"name\":\"Beer Baths Letna\",\"description\":\"Beer and Wine SPA in Prague\",\"publisher\":{\"@id\":\"https:\/\/beer-baths.com\/cs\/#organization\"},\"potentialAction\":[{\"@type\":\"SearchAction\",\"target\":{\"@type\":\"EntryPoint\",\"urlTemplate\":\"https:\/\/beer-baths.com\/cs\/?s={search_term_string}\"},\"query-input\":{\"@type\":\"PropertyValueSpecification\",\"valueRequired\":true,\"valueName\":\"search_term_string\"}}],\"inLanguage\":\"cs\"},{\"@type\":\"Organization\",\"@id\":\"https:\/\/beer-baths.com\/cs\/#organization\",\"name\":\"Business Dragons s.r.o.\",\"url\":\"https:\/\/beer-baths.com\/cs\/\",\"logo\":{\"@type\":\"ImageObject\",\"inLanguage\":\"cs\",\"@id\":\"https:\/\/beer-baths.com\/cs\/#\/schema\/logo\/image\/\",\"url\":\"\",\"contentUrl\":\"\",\"caption\":\"Business Dragons s.r.o.\"},\"image\":{\"@id\":\"https:\/\/beer-baths.com\/cs\/#\/schema\/logo\/image\/\"},\"sameAs\":[\"https:\/\/www.facebook.com\/laznepramen\",\"https:\/\/www.instagram.com\/laznepramen_letna\/\",\"https:\/\/www.tripadvisor.com\/Attraction_Review-g274707-d7377900-Reviews-Lazne_Pramen_Beer_and_Wine_spa-Prague_Bohemia.html\"]}]}<\/script>\n<!-- \/ Yoast SEO plugin. -->","yoast_head_json":{"title":"Kontakty - Beer Baths Letna","robots":{"index":"index","follow":"follow","max-snippet":"max-snippet:-1","max-image-preview":"max-image-preview:large","max-video-preview":"max-video-preview:-1"},"canonical":"https:\/\/beer-baths.com\/cs\/contacts\/","og_locale":"cs_CZ","og_type":"article","og_title":"Kontakty - Beer Baths Letna","og_url":"https:\/\/beer-baths.com\/cs\/contacts\/","og_site_name":"Beer Baths Letna","article_publisher":"https:\/\/www.facebook.com\/laznepramen","article_modified_time":"2026-02-23T16:38:33+00:00","twitter_card":"summary_large_image","twitter_misc":{"Odhadovan\u00e1 doba \u010dten\u00ed":"1 minuta"},"schema":{"@context":"https:\/\/schema.org","@graph":[{"@type":"WebPage","@id":"https:\/\/beer-baths.com\/cs\/contacts\/","url":"https:\/\/beer-baths.com\/cs\/contacts\/","name":"Kontakty - Beer Baths Letna","isPartOf":{"@id":"https:\/\/beer-baths.com\/cs\/#website"},"datePublished":"2022-12-20T11:22:37+00:00","dateModified":"2026-02-23T16:38:33+00:00","breadcrumb":{"@id":"https:\/\/beer-baths.com\/cs\/contacts\/#breadcrumb"},"inLanguage":"cs","potentialAction":[{"@type":"ReadAction","target":["https:\/\/beer-baths.com\/cs\/contacts\/"]}]},{"@type":"BreadcrumbList","@id":"https:\/\/beer-baths.com\/cs\/contacts\/#breadcrumb","itemListElement":[{"@type":"ListItem","position":1,"name":"Home","item":"https:\/\/beer-baths.com\/cs\/"},{"@type":"ListItem","position":2,"name":"Kontakty"}]},{"@type":"WebSite","@id":"https:\/\/beer-baths.com\/cs\/#website","url":"https:\/\/beer-baths.com\/cs\/","name":"Beer Baths Letna","description":"Beer and Wine SPA in Prague","publisher":{"@id":"https:\/\/beer-baths.com\/cs\/#organization"},"potentialAction":[{"@type":"SearchAction","target":{"@type":"EntryPoint","urlTemplate":"https:\/\/beer-baths.com\/cs\/?s={search_term_string}"},"query-input":{"@type":"PropertyValueSpecification","valueRequired":true,"valueName":"search_term_string"}}],"inLanguage":"cs"},{"@type":"Organization","@id":"https:\/\/beer-baths.com\/cs\/#organization","name":"Business Dragons s.r.o.","url":"https:\/\/beer-baths.com\/cs\/","logo":{"@type":"ImageObject","inLanguage":"cs","@id":"https:\/\/beer-baths.com\/cs\/#\/schema\/logo\/image\/","url":"","contentUrl":"","caption":"Business Dragons s.r.o."},"image":{"@id":"https:\/\/beer-baths.com\/cs\/#\/schema\/logo\/image\/"},"sameAs":["https:\/\/www.facebook.com\/laznepramen","https:\/\/www.instagram.com\/laznepramen_letna\/","https:\/\/www.tripadvisor.com\/Attraction_Review-g274707-d7377900-Reviews-Lazne_Pramen_Beer_and_Wine_spa-Prague_Bohemia.html"]}]}},"_links":{"self":[{"href":"https:\/\/beer-baths.com\/cs\/wp-json\/wp\/v2\/pages\/481","targetHints":{"allow":["GET"]}}],"collection":[{"href":"https:\/\/beer-baths.com\/cs\/wp-json\/wp\/v2\/pages"}],"about":[{"href":"https:\/\/beer-baths.com\/cs\/wp-json\/wp\/v2\/types\/page"}],"author":[{"embeddable":true,"href":"https:\/\/beer-baths.com\/cs\/wp-json\/wp\/v2\/users\/1"}],"replies":[{"embeddable":true,"href":"https:\/\/beer-baths.com\/cs\/wp-json\/wp\/v2\/comments?post=481"}],"version-history":[{"count":46,"href":"https:\/\/beer-baths.com\/cs\/wp-json\/wp\/v2\/pages\/481\/revisions"}],"predecessor-version":[{"id":3434,"href":"https:\/\/beer-baths.com\/cs\/wp-json\/wp\/v2\/pages\/481\/revisions\/3434"}],"wp:attachment":[{"href":"https:\/\/beer-baths.com\/cs\/wp-json\/wp\/v2\/media?parent=481"}],"curies":[{"name":"wp","href":"https:\/\/api.w.org\/{rel}","templated":true}]}}