{"id":463,"date":"2023-01-03T20:27:13","date_gmt":"2023-01-03T20:27:13","guid":{"rendered":"https:\/\/beer-baths.com\/uvod\/"},"modified":"2024-09-18T20:13:04","modified_gmt":"2024-09-18T20:13:04","slug":"uvod","status":"publish","type":"page","link":"https:\/\/beer-baths.com\/cs\/uvod\/","title":{"rendered":"\u00davod"},"content":{"rendered":"<p><div class=\"fusion-fullwidth fullwidth-box fusion-builder-row-1 fusion-flex-container has-pattern-background has-mask-background fusion-parallax-none nonhundred-percent-fullwidth non-hundred-percent-height-scrolling\" style=\"--awb-background-position:center bottom;--awb-background-blend-mode:darken;--awb-border-radius-top-left:0px;--awb-border-radius-top-right:0px;--awb-border-radius-bottom-right:0px;--awb-border-radius-bottom-left:0px;--awb-background-image:url(&quot;https:\/\/beer-baths.com\/wp-content\/uploads\/2023\/05\/home.jpeg&quot;);--awb-background-size:cover;--awb-flex-wrap:wrap;\" ><div class=\"fusion-builder-row fusion-row fusion-flex-align-items-flex-start fusion-flex-content-wrap\" style=\"max-width:1248px;margin-left: calc(-4% \/ 2 );margin-right: calc(-4% \/ 2 );\"><div class=\"fusion-layout-column fusion_builder_column fusion-builder-column-0 fusion_builder_column_1_1 1_1 fusion-flex-column\" style=\"--awb-bg-size:cover;--awb-width-large:100%;--awb-margin-top-large:25%;--awb-spacing-right-large:1.92%;--awb-margin-bottom-large:0px;--awb-spacing-left-large:1.92%;--awb-width-medium:100%;--awb-order-medium:0;--awb-spacing-right-medium:1.92%;--awb-spacing-left-medium:1.92%;--awb-width-small:100%;--awb-order-small:0;--awb-spacing-right-small:1.92%;--awb-spacing-left-small:1.92%;\"><div class=\"fusion-column-wrapper fusion-column-has-shadow fusion-flex-justify-content-flex-start fusion-content-layout-column\"><div class=\"fusion-title title fusion-title-1 fusion-sep-none fusion-title-center fusion-title-text fusion-title-size-one\" style=\"--awb-text-color:var(--awb-color1);\"><h1 class=\"fusion-title-heading title-heading-center fusion-responsive-typography-calculated\" style=\"margin:0;--fontSize:72;line-height:var(--awb-typography1-line-height);\"><h1>Nejv\u011bt\u0161\u00ed pivn\u00ed a vinn\u00e9 l\u00e1zn\u011b<br \/>\nv Praze<\/h1><\/h1><\/div><div class=\"fusion-separator fusion-full-width-sep\" style=\"align-self: center;margin-left: auto;margin-right: auto;width:100%;\"><\/div><\/div><\/div><div class=\"fusion-layout-column fusion_builder_column fusion-builder-column-1 fusion_builder_column_1_1 1_1 fusion-flex-column fusion-no-large-visibility\" style=\"--awb-bg-size:cover;--awb-width-large:100%;--awb-margin-top-large:8%;--awb-spacing-right-large:1.92%;--awb-margin-bottom-large:0%;--awb-spacing-left-large:1.92%;--awb-width-medium:100%;--awb-order-medium:0;--awb-spacing-right-medium:1.92%;--awb-spacing-left-medium:1.92%;--awb-width-small:100%;--awb-order-small:0;--awb-spacing-right-small:1.92%;--awb-spacing-left-small:1.92%;\"><div class=\"fusion-column-wrapper fusion-column-has-shadow fusion-flex-justify-content-flex-start fusion-content-layout-column\"><div style=\"text-align:center;\"><a class=\"fusion-button button-flat button-xlarge button-default fusion-button-default button-1 fusion-button-default-span fusion-button-default-type fusion-no-large-visibility\" target=\"_self\" href=\"https:\/\/beer-baths.com\/cs\/reservation\/\"><span class=\"fusion-button-text awb-button__text awb-button__text--default\">Rezervace<\/span><\/a><\/div><\/div><\/div><div class=\"fusion-layout-column fusion_builder_column fusion-builder-column-2 fusion_builder_column_1_1 1_1 fusion-flex-column\" style=\"--awb-bg-size:cover;--awb-width-large:100%;--awb-margin-top-large:14%;--awb-spacing-right-large:1.92%;--awb-margin-bottom-large:0px;--awb-spacing-left-large:1.92%;--awb-width-medium:100%;--awb-order-medium:0;--awb-spacing-right-medium:1.92%;--awb-spacing-left-medium:1.92%;--awb-width-small:100%;--awb-order-small:0;--awb-spacing-right-small:1.92%;--awb-spacing-left-small:1.92%;\"><div class=\"fusion-column-wrapper fusion-column-has-shadow fusion-flex-justify-content-flex-end fusion-content-layout-column\"><div class=\"fusion-image-element \" style=\"text-align:center;--awb-liftup-border-radius:0px;--awb-caption-title-color:var(--awb-color1);--awb-caption-title-font-family:var(--body_typography-font-family);--awb-caption-title-font-weight:var(--body_typography-font-weight);--awb-caption-title-font-style:var(--body_typography-font-style);--awb-caption-title-size:var(--body_typography-font-size);--awb-caption-title-transform:var(--body_typography-text-transform);--awb-caption-title-line-height:var(--body_typography-line-height);--awb-caption-title-letter-spacing:var(--body_typography-letter-spacing);\"><div class=\"awb-image-frame awb-image-frame-1 imageframe-liftup\"><span class=\" fusion-imageframe imageframe-none imageframe-1\"><a class=\"fusion-no-lightbox\" href=\"https:\/\/www.tripadvisor.com\/Attraction_Review-g274707-d25435048-Reviews-Beer_Wine_SPA_LaznE_Pramen_Letna-Prague_Bohemia.html\" target=\"_blank\" aria-label=\"tripadvisor_white\" rel=\"noopener noreferrer\"><img decoding=\"async\" width=\"60\" height=\"52\" src=\"https:\/\/beer-baths.com\/wp-content\/uploads\/2023\/01\/tripadvisor_white.png\" alt class=\"img-responsive wp-image-436\"\/><\/a><\/span><\/div><\/div><div class=\"fusion-section-separator section-separator clouds fusion-section-separator-1\" style=\"--awb-spacer-height:99px;--awb-svg-margin-left:1.92%;--awb-svg-margin-right:1.92%;--awb-svg-margin-left-medium:1.92%;--awb-svg-margin-right-medium:1.92%;--awb-svg-margin-left-small:1.92%;--awb-svg-margin-right-small:1.92%;--awb-divider-height:99px;--awb-spacer-padding-top:inherit;--awb-sep-padding:0;--awb-svg-padding:0;--awb-margin-top:0px;\"><div class=\"fusion-section-separator-svg\"><svg class=\"fusion-clouds-candy\" xmlns=\"http:\/\/www.w3.org\/2000\/svg\" version=\"1.1\" width=\"100%\" height=\"100\" viewBox=\"0 0 100 100\" preserveAspectRatio=\"none\" fill=\"rgba(255,255,255,1)\"><path d=\"M-5 100 Q 0 20 5 100 Z\"><\/path>\n\t\t\t\t\t\t\t\t<path d=\"M0 100 Q 5 0 10 100\"><\/path>\n\t\t\t\t\t\t\t\t<path d=\"M5 100 Q 10 30 15 100\"><\/path>\n\t\t\t\t\t\t\t\t<path d=\"M10 100 Q 15 10 20 100\"><\/path>\n\t\t\t\t\t\t\t\t<path d=\"M15 100 Q 20 30 25 100\"><\/path>\n\t\t\t\t\t\t\t\t<path d=\"M20 100 Q 25 -10 30 100\"><\/path>\n\t\t\t\t\t\t\t\t<path d=\"M25 100 Q 30 10 35 100\"><\/path>\n\t\t\t\t\t\t\t\t<path d=\"M30 100 Q 35 30 40 100\"><\/path>\n\t\t\t\t\t\t\t\t<path d=\"M35 100 Q 40 10 45 100\"><\/path>\n\t\t\t\t\t\t\t\t<path d=\"M40 100 Q 45 50 50 100\"><\/path>\n\t\t\t\t\t\t\t\t<path d=\"M45 100 Q 50 20 55 100\"><\/path>\n\t\t\t\t\t\t\t\t<path d=\"M50 100 Q 55 40 60 100\"><\/path>\n\t\t\t\t\t\t\t\t<path d=\"M55 100 Q 60 60 65 100\"><\/path>\n\t\t\t\t\t\t\t\t<path d=\"M60 100 Q 65 50 70 100\"><\/path>\n\t\t\t\t\t\t\t\t<path d=\"M65 100 Q 70 20 75 100\"><\/path>\n\t\t\t\t\t\t\t\t<path d=\"M70 100 Q 75 45 80 100\"><\/path>\n\t\t\t\t\t\t\t\t<path d=\"M75 100 Q 80 30 85 100\"><\/path>\n\t\t\t\t\t\t\t\t<path d=\"M80 100 Q 85 20 90 100\"><\/path>\n\t\t\t\t\t\t\t\t<path d=\"M85 100 Q 90 50 95 100\"><\/path>\n\t\t\t\t\t\t\t\t<path d=\"M90 100 Q 95 25 100 100\"><\/path>\n\t\t\t\t\t\t\t\t<path d=\"M95 100 Q 100 15 105 100 Z\"><\/path><\/svg><\/div><div class=\"fusion-section-separator-spacer\"><div class=\"fusion-section-separator-spacer-height\"><\/div><\/div><\/div><\/div><\/div>\n<\/div><\/div><div class=\"fusion-fullwidth fullwidth-box fusion-builder-row-2 fusion-flex-container has-pattern-background has-mask-background nonhundred-percent-fullwidth non-hundred-percent-height-scrolling\" style=\"--awb-border-radius-top-left:0px;--awb-border-radius-top-right:0px;--awb-border-radius-bottom-right:0px;--awb-border-radius-bottom-left:0px;--awb-flex-wrap:wrap;\" ><div class=\"fusion-builder-row fusion-row fusion-flex-align-items-center fusion-flex-justify-content-center fusion-flex-content-wrap\" style=\"max-width:1248px;margin-left: calc(-4% \/ 2 );margin-right: calc(-4% \/ 2 );\"><div class=\"fusion-layout-column fusion_builder_column fusion-builder-column-3 fusion_builder_column_1_1 1_1 fusion-flex-column\" style=\"--awb-bg-size:cover;--awb-width-large:100%;--awb-margin-top-large:0px;--awb-spacing-right-large:1.92%;--awb-margin-bottom-large:20px;--awb-spacing-left-large:1.92%;--awb-width-medium:100%;--awb-order-medium:0;--awb-spacing-right-medium:1.92%;--awb-spacing-left-medium:1.92%;--awb-width-small:100%;--awb-order-small:0;--awb-spacing-right-small:1.92%;--awb-spacing-left-small:1.92%;\"><div class=\"fusion-column-wrapper fusion-column-has-shadow fusion-flex-justify-content-flex-start fusion-content-layout-column\"><div class=\"fusion-separator fusion-full-width-sep\" style=\"align-self: center;margin-left: auto;margin-right: auto;margin-bottom:4%;width:100%;\"><\/div><div class=\"fusion-title title fusion-title-2 fusion-sep-none fusion-title-center fusion-title-text fusion-title-size-five\" style=\"--awb-margin-bottom:4%;\"><h5 class=\"fusion-title-heading title-heading-center fusion-responsive-typography-calculated\" style=\"margin:0;--fontSize:22;line-height:var(--awb-typography1-line-height);\">\u017divot \u2022 Zdrav\u00ed \u2022 Omlazen\u00ed \u2022 Spokojenost \u2022 Relaxace<\/h5><\/div><div class=\"fusion-image-element \" style=\"text-align:center;--awb-caption-title-font-family:var(--h2_typography-font-family);--awb-caption-title-font-weight:var(--h2_typography-font-weight);--awb-caption-title-font-style:var(--h2_typography-font-style);--awb-caption-title-size:var(--h2_typography-font-size);--awb-caption-title-transform:var(--h2_typography-text-transform);--awb-caption-title-line-height:var(--h2_typography-line-height);--awb-caption-title-letter-spacing:var(--h2_typography-letter-spacing);\"><span class=\" fusion-imageframe imageframe-none imageframe-2 hover-type-none\"><img decoding=\"async\" width=\"721\" height=\"50\" alt=\"beer-baths-letna\" title=\"Letna_Burgundy_Home\" src=\"https:\/\/beer-baths.com\/wp-content\/uploads\/2024\/09\/Letna_Burgundy_Home.png\" class=\"img-responsive wp-image-3067\" srcset=\"https:\/\/beer-baths.com\/wp-content\/uploads\/2024\/09\/Letna_Burgundy_Home-200x14.png 200w, https:\/\/beer-baths.com\/wp-content\/uploads\/2024\/09\/Letna_Burgundy_Home-400x28.png 400w, https:\/\/beer-baths.com\/wp-content\/uploads\/2024\/09\/Letna_Burgundy_Home-600x42.png 600w, https:\/\/beer-baths.com\/wp-content\/uploads\/2024\/09\/Letna_Burgundy_Home.png 721w\" sizes=\"(max-width: 640px) 100vw, 721px\" \/><\/span><\/div><div class=\"fusion-separator fusion-full-width-sep\" style=\"align-self: center;margin-left: auto;margin-right: auto;margin-bottom:8%;width:100%;\"><\/div><\/div><\/div><\/div><\/div><div class=\"fusion-fullwidth fullwidth-box fusion-builder-row-3 fusion-flex-container has-pattern-background has-mask-background nonhundred-percent-fullwidth non-hundred-percent-height-scrolling\" style=\"--awb-border-radius-top-left:0px;--awb-border-radius-top-right:0px;--awb-border-radius-bottom-right:0px;--awb-border-radius-bottom-left:0px;--awb-margin-top:0px;--awb-flex-wrap:wrap;\" ><div class=\"fusion-builder-row fusion-row fusion-flex-align-items-flex-start fusion-flex-content-wrap\" style=\"max-width:1248px;margin-left: calc(-4% \/ 2 );margin-right: calc(-4% \/ 2 );\"><div class=\"fusion-layout-column fusion_builder_column fusion-builder-column-4 fusion_builder_column_1_2 1_2 fusion-flex-column\" style=\"--awb-bg-size:cover;--awb-width-large:50%;--awb-margin-top-large:0px;--awb-spacing-right-large:3.84%;--awb-margin-bottom-large:20px;--awb-spacing-left-large:3.84%;--awb-width-medium:50%;--awb-order-medium:0;--awb-spacing-right-medium:3.84%;--awb-spacing-left-medium:3.84%;--awb-width-small:100%;--awb-order-small:0;--awb-spacing-right-small:1.92%;--awb-spacing-left-small:1.92%;\"><div class=\"fusion-column-wrapper fusion-column-has-shadow fusion-flex-justify-content-flex-start fusion-content-layout-column\"><div class=\"fusion-text fusion-text-1\" style=\"--awb-text-color:var(--awb-color7);\"><p>L\u00e1zn\u011b Pramen Letn\u00e1 jsou nov\u00e9 a nejv\u011bt\u0161\u00ed l\u00e1zn\u011b v \u010cR s exkluzivn\u00edm konceptem a super lokalitou \u2013 15 minut ch\u016fze od Pra\u017esk\u00e9ho Hradu!<\/p>\n<p>Na jednom m\u00edst\u011b jsme pro v\u00e1s spojili star\u00e9 \u010desk\u00e9 tradice a jedine\u010dnou proceduru Pivn\u00edch L\u00e1zn\u00ed, tak\u00e9 s luxusn\u00edmi vinn\u00fdmi koupelemi s exkluzivn\u00ed recepturou a wellness koupel!<\/p>\n<p>V na\u0161ich Pivn\u00edch L\u00e1zn\u00edch se m\u016f\u017eete pobavit s partou p\u0159\u00e1tel a koleg\u016f, zajistit si dovolenou pro t\u011blo i du\u0161i v pivn\u00ed \u010di vinn\u00e9 l\u00e1zni, nebo si naj\u00edt sv\u016fj individu\u00e1ln\u00ed wellness program, posiluj\u00edc\u00ed va\u0161e t\u011blo a imunitu.<\/p>\n<p>Podle v\u00e1mi objednan\u00e9 procedury nab\u00eddneme v\u00e1m nej\u010derstv\u011bj\u0161\u00ed \u010desk\u00e9 pivo od na\u0161ich \u010desk\u00fdch pivovar\u016f a prosecco pro vinn\u00e9 koupele. Pro wellness koupele m\u00e1me skv\u011bl\u00e9 v\u00fdb\u011brov\u00e9 bylinkov\u00e9 \u010daje.<\/p>\n<p>U\u017eijte si na\u0161ich koupel\u00ed a n\u00e1sledn\u00e9ho odpo\u010dinku v na\u0161\u00ed nejv\u011bt\u0161\u00ed soln\u00e9 jeskyni v Praze.<\/p>\n<p>P\u0159i n\u00e1v\u0161t\u011bv\u011b na\u0161ich L\u00e1zn\u00ed Pramen Letn\u00e1 v\u00e1m poskytneme pantofle, osu\u0161ky a prost\u011bradla.<\/p>\n<p>P\u0159i rekonstrukci jsme zachovali historick\u00fd vzhled are\u00e1lu, kter\u00fd je star\u00fd v\u00edce ne\u017e 100 let.<\/p>\n<p>Postarali jsme se o pohodl\u00ed jak pro jednoho n\u00e1v\u0161t\u011bvn\u00edka, tak i pro skupiny a\u017e 20 osob.<\/p>\n<p>Rozlu\u010dka se svobodou, firemn\u00ed ve\u010d\u00edrek, turistick\u00e1 skupinka nebo jen jedna velk\u00e1 rodina \u2013 na\u0161e prostorn\u00e9 L\u00e1zn\u011b Pramen Letn\u00e1 jsou pr\u00e1v\u011b pro V\u00e1s!<\/p>\n<\/div><\/div><\/div><div class=\"fusion-layout-column fusion_builder_column fusion-builder-column-5 fusion_builder_column_1_2 1_2 fusion-flex-column\" style=\"--awb-bg-size:cover;--awb-width-large:50%;--awb-margin-top-large:0px;--awb-spacing-right-large:3.84%;--awb-margin-bottom-large:20px;--awb-spacing-left-large:3.84%;--awb-width-medium:50%;--awb-order-medium:0;--awb-spacing-right-medium:3.84%;--awb-spacing-left-medium:3.84%;--awb-width-small:100%;--awb-order-small:0;--awb-spacing-right-small:1.92%;--awb-spacing-left-small:1.92%;\"><div class=\"fusion-column-wrapper fusion-column-has-shadow fusion-flex-justify-content-flex-start fusion-content-layout-column\"><div class=\"fusion-video fusion-youtube\" style=\"--awb-max-width:600px;--awb-max-height:360px;\"><div class=\"video-shortcode\"><div class=\"fluid-width-video-wrapper\" style=\"padding-top:60%;\" ><iframe class=\"fusion-hidden\" data-privacy-type=\"youtube\" src=\"\" title=\"YouTube video player 1\" data-privacy-src=\"https:\/\/www.youtube.com\/embed\/-iXcPdCMh98?wmode=transparent&autoplay=0\" width=\"600\" height=\"360\" allowfullscreen allow=\"autoplay; clipboard-write; encrypted-media; gyroscope; picture-in-picture;\"><\/iframe><div class=\"fusion-privacy-placeholder\" style=\"width:600px; height:360px;\" data-privacy-type=\"youtube\"><div class=\"fusion-privacy-placeholder-content\"><div class=\"fusion-privacy-label\">For privacy reasons YouTube needs your permission to be loaded. For more details, please see our <a class=\"privacy-policy-link\" href=\"https:\/\/beer-baths.com\/en\/privacy-policy\/\" rel=\"privacy-policy\">Privacy Policy<\/a>.<\/div><button data-privacy-type=\"youtube\" class=\"fusion-button button-default fusion-button-default-size button fusion-privacy-consent\">I Accept<\/button><\/div><\/div><\/div><\/div><\/div><\/div><\/div><\/div><\/div><\/p>\n","protected":false},"excerpt":{"rendered":"","protected":false},"author":1,"featured_media":0,"parent":0,"menu_order":0,"comment_status":"closed","ping_status":"closed","template":"100-width.php","meta":{"footnotes":""},"class_list":["post-463","page","type-page","status-publish","hentry"],"yoast_head":"<!-- This site is optimized with the Yoast SEO plugin v27.1.1 - https:\/\/yoast.com\/product\/yoast-seo-wordpress\/ -->\n<title>Nejv\u011bt\u0161\u00ed pivn\u00ed a vinn\u00e9 l\u00e1zn\u011b v Praze - Beer Baths Letna<\/title>\n<meta name=\"description\" content=\"M\u00e1me v\u0161e, co pot\u0159ebujete pro nezapomenuteln\u00fd z\u00e1\u017eitek z pivn\u00edch l\u00e1zn\u00ed! Nav\u0161tivte L\u00e1zn\u011b Pramen - nejv\u011bt\u0161\u00ed pivn\u00ed a vinn\u00e9 l\u00e1zn\u011b v Praze.\" \/>\n<meta name=\"robots\" content=\"index, follow, max-snippet:-1, max-image-preview:large, max-video-preview:-1\" \/>\n<link rel=\"canonical\" href=\"https:\/\/beer-baths.com\/cs\/uvod\/\" \/>\n<meta property=\"og:locale\" content=\"cs_CZ\" \/>\n<meta property=\"og:type\" content=\"article\" \/>\n<meta property=\"og:title\" content=\"Nejv\u011bt\u0161\u00ed pivn\u00ed a vinn\u00e9 l\u00e1zn\u011b v Praze - Beer Baths Letna\" \/>\n<meta property=\"og:description\" content=\"M\u00e1me v\u0161e, co pot\u0159ebujete pro nezapomenuteln\u00fd z\u00e1\u017eitek z pivn\u00edch l\u00e1zn\u00ed! Nav\u0161tivte L\u00e1zn\u011b Pramen - nejv\u011bt\u0161\u00ed pivn\u00ed a vinn\u00e9 l\u00e1zn\u011b v Praze.\" \/>\n<meta property=\"og:url\" content=\"https:\/\/beer-baths.com\/cs\/uvod\/\" \/>\n<meta property=\"og:site_name\" content=\"Beer Baths Letna\" \/>\n<meta property=\"article:publisher\" content=\"https:\/\/www.facebook.com\/laznepramen\" \/>\n<meta property=\"article:modified_time\" content=\"2024-09-18T20:13:04+00:00\" \/>\n<meta name=\"twitter:card\" content=\"summary_large_image\" \/>\n<meta name=\"twitter:label1\" content=\"Odhadovan\u00e1 doba \u010dten\u00ed\" \/>\n\t<meta name=\"twitter:data1\" content=\"2 minuty\" \/>\n<script type=\"application\/ld+json\" class=\"yoast-schema-graph\">{\"@context\":\"https:\/\/schema.org\",\"@graph\":[{\"@type\":\"WebPage\",\"@id\":\"https:\/\/beer-baths.com\/cs\/uvod\/\",\"url\":\"https:\/\/beer-baths.com\/cs\/uvod\/\",\"name\":\"Nejv\u011bt\u0161\u00ed pivn\u00ed a vinn\u00e9 l\u00e1zn\u011b v Praze - Beer Baths Letna\",\"isPartOf\":{\"@id\":\"https:\/\/beer-baths.com\/cs\/#website\"},\"datePublished\":\"2023-01-03T20:27:13+00:00\",\"dateModified\":\"2024-09-18T20:13:04+00:00\",\"description\":\"M\u00e1me v\u0161e, co pot\u0159ebujete pro nezapomenuteln\u00fd z\u00e1\u017eitek z pivn\u00edch l\u00e1zn\u00ed! Nav\u0161tivte L\u00e1zn\u011b Pramen - nejv\u011bt\u0161\u00ed pivn\u00ed a vinn\u00e9 l\u00e1zn\u011b v Praze.\",\"breadcrumb\":{\"@id\":\"https:\/\/beer-baths.com\/cs\/uvod\/#breadcrumb\"},\"inLanguage\":\"cs\",\"potentialAction\":[{\"@type\":\"ReadAction\",\"target\":[\"https:\/\/beer-baths.com\/cs\/uvod\/\"]}]},{\"@type\":\"BreadcrumbList\",\"@id\":\"https:\/\/beer-baths.com\/cs\/uvod\/#breadcrumb\",\"itemListElement\":[{\"@type\":\"ListItem\",\"position\":1,\"name\":\"Home\",\"item\":\"https:\/\/beer-baths.com\/cs\/\"},{\"@type\":\"ListItem\",\"position\":2,\"name\":\"\u00davod\"}]},{\"@type\":\"WebSite\",\"@id\":\"https:\/\/beer-baths.com\/cs\/#website\",\"url\":\"https:\/\/beer-baths.com\/cs\/\",\"name\":\"Beer Baths Letna\",\"description\":\"Beer and Wine SPA in Prague\",\"publisher\":{\"@id\":\"https:\/\/beer-baths.com\/cs\/#organization\"},\"potentialAction\":[{\"@type\":\"SearchAction\",\"target\":{\"@type\":\"EntryPoint\",\"urlTemplate\":\"https:\/\/beer-baths.com\/cs\/?s={search_term_string}\"},\"query-input\":{\"@type\":\"PropertyValueSpecification\",\"valueRequired\":true,\"valueName\":\"search_term_string\"}}],\"inLanguage\":\"cs\"},{\"@type\":\"Organization\",\"@id\":\"https:\/\/beer-baths.com\/cs\/#organization\",\"name\":\"Business Dragons s.r.o.\",\"url\":\"https:\/\/beer-baths.com\/cs\/\",\"logo\":{\"@type\":\"ImageObject\",\"inLanguage\":\"cs\",\"@id\":\"https:\/\/beer-baths.com\/cs\/#\/schema\/logo\/image\/\",\"url\":\"\",\"contentUrl\":\"\",\"caption\":\"Business Dragons s.r.o.\"},\"image\":{\"@id\":\"https:\/\/beer-baths.com\/cs\/#\/schema\/logo\/image\/\"},\"sameAs\":[\"https:\/\/www.facebook.com\/laznepramen\",\"https:\/\/www.instagram.com\/laznepramen_letna\/\",\"https:\/\/www.tripadvisor.com\/Attraction_Review-g274707-d7377900-Reviews-Lazne_Pramen_Beer_and_Wine_spa-Prague_Bohemia.html\"]}]}<\/script>\n<!-- \/ Yoast SEO plugin. -->","yoast_head_json":{"title":"Nejv\u011bt\u0161\u00ed pivn\u00ed a vinn\u00e9 l\u00e1zn\u011b v Praze - Beer Baths Letna","description":"M\u00e1me v\u0161e, co pot\u0159ebujete pro nezapomenuteln\u00fd z\u00e1\u017eitek z pivn\u00edch l\u00e1zn\u00ed! Nav\u0161tivte L\u00e1zn\u011b Pramen - nejv\u011bt\u0161\u00ed pivn\u00ed a vinn\u00e9 l\u00e1zn\u011b v Praze.","robots":{"index":"index","follow":"follow","max-snippet":"max-snippet:-1","max-image-preview":"max-image-preview:large","max-video-preview":"max-video-preview:-1"},"canonical":"https:\/\/beer-baths.com\/cs\/uvod\/","og_locale":"cs_CZ","og_type":"article","og_title":"Nejv\u011bt\u0161\u00ed pivn\u00ed a vinn\u00e9 l\u00e1zn\u011b v Praze - Beer Baths Letna","og_description":"M\u00e1me v\u0161e, co pot\u0159ebujete pro nezapomenuteln\u00fd z\u00e1\u017eitek z pivn\u00edch l\u00e1zn\u00ed! Nav\u0161tivte L\u00e1zn\u011b Pramen - nejv\u011bt\u0161\u00ed pivn\u00ed a vinn\u00e9 l\u00e1zn\u011b v Praze.","og_url":"https:\/\/beer-baths.com\/cs\/uvod\/","og_site_name":"Beer Baths Letna","article_publisher":"https:\/\/www.facebook.com\/laznepramen","article_modified_time":"2024-09-18T20:13:04+00:00","twitter_card":"summary_large_image","twitter_misc":{"Odhadovan\u00e1 doba \u010dten\u00ed":"2 minuty"},"schema":{"@context":"https:\/\/schema.org","@graph":[{"@type":"WebPage","@id":"https:\/\/beer-baths.com\/cs\/uvod\/","url":"https:\/\/beer-baths.com\/cs\/uvod\/","name":"Nejv\u011bt\u0161\u00ed pivn\u00ed a vinn\u00e9 l\u00e1zn\u011b v Praze - Beer Baths Letna","isPartOf":{"@id":"https:\/\/beer-baths.com\/cs\/#website"},"datePublished":"2023-01-03T20:27:13+00:00","dateModified":"2024-09-18T20:13:04+00:00","description":"M\u00e1me v\u0161e, co pot\u0159ebujete pro nezapomenuteln\u00fd z\u00e1\u017eitek z pivn\u00edch l\u00e1zn\u00ed! Nav\u0161tivte L\u00e1zn\u011b Pramen - nejv\u011bt\u0161\u00ed pivn\u00ed a vinn\u00e9 l\u00e1zn\u011b v Praze.","breadcrumb":{"@id":"https:\/\/beer-baths.com\/cs\/uvod\/#breadcrumb"},"inLanguage":"cs","potentialAction":[{"@type":"ReadAction","target":["https:\/\/beer-baths.com\/cs\/uvod\/"]}]},{"@type":"BreadcrumbList","@id":"https:\/\/beer-baths.com\/cs\/uvod\/#breadcrumb","itemListElement":[{"@type":"ListItem","position":1,"name":"Home","item":"https:\/\/beer-baths.com\/cs\/"},{"@type":"ListItem","position":2,"name":"\u00davod"}]},{"@type":"WebSite","@id":"https:\/\/beer-baths.com\/cs\/#website","url":"https:\/\/beer-baths.com\/cs\/","name":"Beer Baths Letna","description":"Beer and Wine SPA in Prague","publisher":{"@id":"https:\/\/beer-baths.com\/cs\/#organization"},"potentialAction":[{"@type":"SearchAction","target":{"@type":"EntryPoint","urlTemplate":"https:\/\/beer-baths.com\/cs\/?s={search_term_string}"},"query-input":{"@type":"PropertyValueSpecification","valueRequired":true,"valueName":"search_term_string"}}],"inLanguage":"cs"},{"@type":"Organization","@id":"https:\/\/beer-baths.com\/cs\/#organization","name":"Business Dragons s.r.o.","url":"https:\/\/beer-baths.com\/cs\/","logo":{"@type":"ImageObject","inLanguage":"cs","@id":"https:\/\/beer-baths.com\/cs\/#\/schema\/logo\/image\/","url":"","contentUrl":"","caption":"Business Dragons s.r.o."},"image":{"@id":"https:\/\/beer-baths.com\/cs\/#\/schema\/logo\/image\/"},"sameAs":["https:\/\/www.facebook.com\/laznepramen","https:\/\/www.instagram.com\/laznepramen_letna\/","https:\/\/www.tripadvisor.com\/Attraction_Review-g274707-d7377900-Reviews-Lazne_Pramen_Beer_and_Wine_spa-Prague_Bohemia.html"]}]}},"_links":{"self":[{"href":"https:\/\/beer-baths.com\/cs\/wp-json\/wp\/v2\/pages\/463","targetHints":{"allow":["GET"]}}],"collection":[{"href":"https:\/\/beer-baths.com\/cs\/wp-json\/wp\/v2\/pages"}],"about":[{"href":"https:\/\/beer-baths.com\/cs\/wp-json\/wp\/v2\/types\/page"}],"author":[{"embeddable":true,"href":"https:\/\/beer-baths.com\/cs\/wp-json\/wp\/v2\/users\/1"}],"replies":[{"embeddable":true,"href":"https:\/\/beer-baths.com\/cs\/wp-json\/wp\/v2\/comments?post=463"}],"version-history":[{"count":93,"href":"https:\/\/beer-baths.com\/cs\/wp-json\/wp\/v2\/pages\/463\/revisions"}],"predecessor-version":[{"id":3076,"href":"https:\/\/beer-baths.com\/cs\/wp-json\/wp\/v2\/pages\/463\/revisions\/3076"}],"wp:attachment":[{"href":"https:\/\/beer-baths.com\/cs\/wp-json\/wp\/v2\/media?parent=463"}],"curies":[{"name":"wp","href":"https:\/\/api.w.org\/{rel}","templated":true}]}}